{"id":1147,"date":"2022-10-06T20:53:45","date_gmt":"2022-10-06T20:53:45","guid":{"rendered":"https:\/\/nowalijka.pl\/?page_id=1147"},"modified":"2024-10-07T12:27:46","modified_gmt":"2024-10-07T12:27:46","slug":"uprawa-warzyw","status":"publish","type":"page","link":"https:\/\/nowalijka.pl\/en\/firma-nowalijka\/uprawa-warzyw\/","title":{"rendered":"Historia Firmy"},"content":{"rendered":"","protected":false},"excerpt":{"rendered":"","protected":false},"author":7,"featured_media":853,"parent":51,"menu_order":0,"comment_status":"closed","ping_status":"closed","template":"page-history.php","meta":{"_acf_changed":false,"om_disable_all_campaigns":false,"inline_featured_image":false,"_monsterinsights_skip_tracking":false,"_monsterinsights_sitenote_active":false,"_monsterinsights_sitenote_note":"","_monsterinsights_sitenote_category":0,"footnotes":""},"acf":[],"yoast_head":"<!-- This site is optimized with the Yoast SEO plugin v23.5 - https:\/\/yoast.com\/wordpress\/plugins\/seo\/ -->\n<title>Historia Firmy - Nowalijka<\/title>\n<meta name=\"description\" content=\"Uprawa warzyw od 1999 roku jest pasj\u0105 i g\u0142\u00f3wnym celem firmy. Produkujemy i dostarczamy produkty do najwi\u0119kszych sieci handlowych w kraju.\" \/>\n<meta name=\"robots\" content=\"index, follow, max-snippet:-1, max-image-preview:large, max-video-preview:-1\" \/>\n<link rel=\"canonical\" href=\"https:\/\/nowalijka.pl\/en\/firma-nowalijka\/uprawa-warzyw\/\" \/>\n<meta property=\"og:locale\" content=\"en_US\" \/>\n<meta property=\"og:locale:alternate\" content=\"pl_PL\" \/>\n<meta property=\"og:locale:alternate\" content=\"de_DE\" \/>\n<meta property=\"og:locale:alternate\" content=\"nl_NL\" \/>\n<meta property=\"og:type\" content=\"article\" \/>\n<meta property=\"og:title\" content=\"Historia Firmy - Nowalijka\" \/>\n<meta property=\"og:description\" content=\"Uprawa warzyw od 1999 roku jest pasj\u0105 i g\u0142\u00f3wnym celem firmy. Produkujemy i dostarczamy produkty do najwi\u0119kszych sieci handlowych w kraju.\" \/>\n<meta property=\"og:url\" content=\"https:\/\/nowalijka.pl\/en\/firma-nowalijka\/uprawa-warzyw\/\" \/>\n<meta property=\"og:site_name\" content=\"Nowalijka\" \/>\n<meta property=\"article:publisher\" content=\"https:\/\/www.facebook.com\/Nowalijkapl\" \/>\n<meta property=\"article:modified_time\" content=\"2024-10-07T12:27:46+00:00\" \/>\n<meta property=\"og:image\" content=\"https:\/\/nowalijka.pl\/wp-content\/uploads\/2022\/10\/bacground_tekst-2.jpg\" \/>\n\t<meta property=\"og:image:width\" content=\"1591\" \/>\n\t<meta property=\"og:image:height\" content=\"191\" \/>\n\t<meta property=\"og:image:type\" content=\"image\/jpeg\" \/>\n<meta name=\"twitter:card\" content=\"summary_large_image\" \/>\n<meta name=\"twitter:label1\" content=\"Est. reading time\" \/>\n\t<meta name=\"twitter:data1\" content=\"1 minute\" \/>\n<script type=\"application\/ld+json\" class=\"yoast-schema-graph\">{\"@context\":\"https:\/\/schema.org\",\"@graph\":[{\"@type\":\"WebPage\",\"@id\":\"https:\/\/nowalijka.pl\/nl\/firma-nowalijka\/uprawa-warzyw\/\",\"url\":\"https:\/\/nowalijka.pl\/nl\/firma-nowalijka\/uprawa-warzyw\/\",\"name\":\"Historia Firmy - Nowalijka\",\"isPartOf\":{\"@id\":\"https:\/\/nowalijka.pl\/#website\"},\"primaryImageOfPage\":{\"@id\":\"https:\/\/nowalijka.pl\/nl\/firma-nowalijka\/uprawa-warzyw\/#primaryimage\"},\"image\":{\"@id\":\"https:\/\/nowalijka.pl\/nl\/firma-nowalijka\/uprawa-warzyw\/#primaryimage\"},\"thumbnailUrl\":\"https:\/\/nowalijka.pl\/wp-content\/uploads\/2022\/10\/bacground_tekst-2.jpg\",\"datePublished\":\"2022-10-06T20:53:45+00:00\",\"dateModified\":\"2024-10-07T12:27:46+00:00\",\"description\":\"Uprawa warzyw od 1999 roku jest pasj\u0105 i g\u0142\u00f3wnym celem firmy. Produkujemy i dostarczamy produkty do najwi\u0119kszych sieci handlowych w kraju.\",\"breadcrumb\":{\"@id\":\"https:\/\/nowalijka.pl\/nl\/firma-nowalijka\/uprawa-warzyw\/#breadcrumb\"},\"inLanguage\":\"en-US\",\"potentialAction\":[{\"@type\":\"ReadAction\",\"target\":[\"https:\/\/nowalijka.pl\/nl\/firma-nowalijka\/uprawa-warzyw\/\"]}]},{\"@type\":\"ImageObject\",\"inLanguage\":\"en-US\",\"@id\":\"https:\/\/nowalijka.pl\/nl\/firma-nowalijka\/uprawa-warzyw\/#primaryimage\",\"url\":\"https:\/\/nowalijka.pl\/wp-content\/uploads\/2022\/10\/bacground_tekst-2.jpg\",\"contentUrl\":\"https:\/\/nowalijka.pl\/wp-content\/uploads\/2022\/10\/bacground_tekst-2.jpg\",\"width\":1591,\"height\":191},{\"@type\":\"BreadcrumbList\",\"@id\":\"https:\/\/nowalijka.pl\/nl\/firma-nowalijka\/uprawa-warzyw\/#breadcrumb\",\"itemListElement\":[{\"@type\":\"ListItem\",\"position\":1,\"name\":\"Strona g\u0142\u00f3wna\",\"item\":\"https:\/\/nowalijka.pl\/nl\/\"},{\"@type\":\"ListItem\",\"position\":2,\"name\":\"Firma\",\"item\":\"https:\/\/nowalijka.pl\/firma-nowalijka\/\"},{\"@type\":\"ListItem\",\"position\":3,\"name\":\"Historia Firmy\"}]},{\"@type\":\"WebSite\",\"@id\":\"https:\/\/nowalijka.pl\/#website\",\"url\":\"https:\/\/nowalijka.pl\/\",\"name\":\"Nowalijka\",\"description\":\"Produkcja i dystrybucja warzyw\",\"publisher\":{\"@id\":\"https:\/\/nowalijka.pl\/#organization\"},\"potentialAction\":[{\"@type\":\"SearchAction\",\"target\":{\"@type\":\"EntryPoint\",\"urlTemplate\":\"https:\/\/nowalijka.pl\/?s={search_term_string}\"},\"query-input\":{\"@type\":\"PropertyValueSpecification\",\"valueRequired\":true,\"valueName\":\"search_term_string\"}}],\"inLanguage\":\"en-US\"},{\"@type\":\"Organization\",\"@id\":\"https:\/\/nowalijka.pl\/#organization\",\"name\":\"Nowalijka\",\"url\":\"https:\/\/nowalijka.pl\/\",\"logo\":{\"@type\":\"ImageObject\",\"inLanguage\":\"en-US\",\"@id\":\"https:\/\/nowalijka.pl\/#\/schema\/logo\/image\/\",\"url\":\"https:\/\/nowalijka.pl\/wp-content\/uploads\/2022\/09\/nowalijka_logo.svg\",\"contentUrl\":\"https:\/\/nowalijka.pl\/wp-content\/uploads\/2022\/09\/nowalijka_logo.svg\",\"width\":251,\"height\":71,\"caption\":\"Nowalijka\"},\"image\":{\"@id\":\"https:\/\/nowalijka.pl\/#\/schema\/logo\/image\/\"},\"sameAs\":[\"https:\/\/www.facebook.com\/Nowalijkapl\",\"https:\/\/www.instagram.com\/nowalijkapl\/\",\"https:\/\/www.linkedin.com\/\"]}]}<\/script>\n<!-- \/ Yoast SEO plugin. -->","yoast_head_json":{"title":"Historia Firmy - Nowalijka","description":"Uprawa warzyw od 1999 roku jest pasj\u0105 i g\u0142\u00f3wnym celem firmy. Produkujemy i dostarczamy produkty do najwi\u0119kszych sieci handlowych w kraju.","robots":{"index":"index","follow":"follow","max-snippet":"max-snippet:-1","max-image-preview":"max-image-preview:large","max-video-preview":"max-video-preview:-1"},"canonical":"https:\/\/nowalijka.pl\/en\/firma-nowalijka\/uprawa-warzyw\/","og_locale":"en_US","og_type":"article","og_title":"Historia Firmy - Nowalijka","og_description":"[:pl]Uprawa warzyw od 1999 roku jest pasj\u0105 i g\u0142\u00f3wnym celem firmy. Produkujemy i dostarczamy produkty do najwi\u0119kszych sieci handlowych w kraju.[:]","og_url":"https:\/\/nowalijka.pl\/en\/firma-nowalijka\/uprawa-warzyw\/","og_site_name":"Nowalijka","article_publisher":"https:\/\/www.facebook.com\/Nowalijkapl","article_modified_time":"2024-10-07T12:27:46+00:00","og_image":[{"width":1591,"height":191,"url":"https:\/\/nowalijka.pl\/wp-content\/uploads\/2022\/10\/bacground_tekst-2.jpg","type":"image\/jpeg"}],"twitter_card":"summary_large_image","twitter_misc":{"Est. reading time":"1 minute"},"schema":{"@context":"https:\/\/schema.org","@graph":[{"@type":"WebPage","@id":"https:\/\/nowalijka.pl\/nl\/firma-nowalijka\/uprawa-warzyw\/","url":"https:\/\/nowalijka.pl\/nl\/firma-nowalijka\/uprawa-warzyw\/","name":"Historia Firmy - Nowalijka","isPartOf":{"@id":"https:\/\/nowalijka.pl\/#website"},"primaryImageOfPage":{"@id":"https:\/\/nowalijka.pl\/nl\/firma-nowalijka\/uprawa-warzyw\/#primaryimage"},"image":{"@id":"https:\/\/nowalijka.pl\/nl\/firma-nowalijka\/uprawa-warzyw\/#primaryimage"},"thumbnailUrl":"https:\/\/nowalijka.pl\/wp-content\/uploads\/2022\/10\/bacground_tekst-2.jpg","datePublished":"2022-10-06T20:53:45+00:00","dateModified":"2024-10-07T12:27:46+00:00","description":"Uprawa warzyw od 1999 roku jest pasj\u0105 i g\u0142\u00f3wnym celem firmy. Produkujemy i dostarczamy produkty do najwi\u0119kszych sieci handlowych w kraju.","breadcrumb":{"@id":"https:\/\/nowalijka.pl\/nl\/firma-nowalijka\/uprawa-warzyw\/#breadcrumb"},"inLanguage":"en-US","potentialAction":[{"@type":"ReadAction","target":["https:\/\/nowalijka.pl\/nl\/firma-nowalijka\/uprawa-warzyw\/"]}]},{"@type":"ImageObject","inLanguage":"en-US","@id":"https:\/\/nowalijka.pl\/nl\/firma-nowalijka\/uprawa-warzyw\/#primaryimage","url":"https:\/\/nowalijka.pl\/wp-content\/uploads\/2022\/10\/bacground_tekst-2.jpg","contentUrl":"https:\/\/nowalijka.pl\/wp-content\/uploads\/2022\/10\/bacground_tekst-2.jpg","width":1591,"height":191},{"@type":"BreadcrumbList","@id":"https:\/\/nowalijka.pl\/nl\/firma-nowalijka\/uprawa-warzyw\/#breadcrumb","itemListElement":[{"@type":"ListItem","position":1,"name":"Strona g\u0142\u00f3wna","item":"https:\/\/nowalijka.pl\/nl\/"},{"@type":"ListItem","position":2,"name":"Firma","item":"https:\/\/nowalijka.pl\/firma-nowalijka\/"},{"@type":"ListItem","position":3,"name":"Historia Firmy"}]},{"@type":"WebSite","@id":"https:\/\/nowalijka.pl\/#website","url":"https:\/\/nowalijka.pl\/","name":"Nowalijka","description":"Produkcja i dystrybucja warzyw","publisher":{"@id":"https:\/\/nowalijka.pl\/#organization"},"potentialAction":[{"@type":"SearchAction","target":{"@type":"EntryPoint","urlTemplate":"https:\/\/nowalijka.pl\/?s={search_term_string}"},"query-input":{"@type":"PropertyValueSpecification","valueRequired":true,"valueName":"search_term_string"}}],"inLanguage":"en-US"},{"@type":"Organization","@id":"https:\/\/nowalijka.pl\/#organization","name":"Nowalijka","url":"https:\/\/nowalijka.pl\/","logo":{"@type":"ImageObject","inLanguage":"en-US","@id":"https:\/\/nowalijka.pl\/#\/schema\/logo\/image\/","url":"https:\/\/nowalijka.pl\/wp-content\/uploads\/2022\/09\/nowalijka_logo.svg","contentUrl":"https:\/\/nowalijka.pl\/wp-content\/uploads\/2022\/09\/nowalijka_logo.svg","width":251,"height":71,"caption":"Nowalijka"},"image":{"@id":"https:\/\/nowalijka.pl\/#\/schema\/logo\/image\/"},"sameAs":["https:\/\/www.facebook.com\/Nowalijkapl","https:\/\/www.instagram.com\/nowalijkapl\/","https:\/\/www.linkedin.com\/"]}]}},"_links":{"self":[{"href":"https:\/\/nowalijka.pl\/en\/wp-json\/wp\/v2\/pages\/1147"}],"collection":[{"href":"https:\/\/nowalijka.pl\/en\/wp-json\/wp\/v2\/pages"}],"about":[{"href":"https:\/\/nowalijka.pl\/en\/wp-json\/wp\/v2\/types\/page"}],"author":[{"embeddable":true,"href":"https:\/\/nowalijka.pl\/en\/wp-json\/wp\/v2\/users\/7"}],"replies":[{"embeddable":true,"href":"https:\/\/nowalijka.pl\/en\/wp-json\/wp\/v2\/comments?post=1147"}],"version-history":[{"count":28,"href":"https:\/\/nowalijka.pl\/en\/wp-json\/wp\/v2\/pages\/1147\/revisions"}],"predecessor-version":[{"id":5479,"href":"https:\/\/nowalijka.pl\/en\/wp-json\/wp\/v2\/pages\/1147\/revisions\/5479"}],"up":[{"embeddable":true,"href":"https:\/\/nowalijka.pl\/en\/wp-json\/wp\/v2\/pages\/51"}],"wp:featuredmedia":[{"embeddable":true,"href":"https:\/\/nowalijka.pl\/en\/wp-json\/wp\/v2\/media\/853"}],"wp:attachment":[{"href":"https:\/\/nowalijka.pl\/en\/wp-json\/wp\/v2\/media?parent=1147"}],"curies":[{"name":"wp","href":"https:\/\/api.w.org\/{rel}","templated":true}]}}