{"id":122,"date":"2022-09-14T09:17:51","date_gmt":"2022-09-14T09:17:51","guid":{"rendered":"https:\/\/nowalijka.pl\/?page_id=122"},"modified":"2023-05-25T12:04:51","modified_gmt":"2023-05-25T12:04:51","slug":"salaty","status":"publish","type":"page","link":"https:\/\/nowalijka.pl\/en\/dystrybucja-warzyw\/salaty\/","title":{"rendered":"Sa\u0142aty"},"content":{"rendered":"<style>#jtg-4330 .modula-item .jtg-social a, .lightbox-socials.jtg-social a{ fill: #ffffff; color: #ffffff }#jtg-4330 .modula-item .jtg-social-mobile a{ fill: #ffffff; color: #ffffff }#jtg-4330 .modula-item .jtg-social svg, .lightbox-socials.jtg-social svg { height: 16px; width: 16px }#jtg-4330 .modula-item .jtg-social-mobile svg { height: 16px; width: 16px }#jtg-4330 .modula-item .jtg-social a:not(:last-child), .lightbox-socials.jtg-social a:not(:last-child) { margin-right: 10px }#jtg-4330 .modula-item .jtg-social-mobile .jtg-social-mobile-icons a:not(:last-child){ margin-right: 10px }#jtg-4330 .modula-item .figc {color:#ffffff;}#jtg-4330 .modula-item .modula-item-content { transform: scale(1) }#jtg-4330 { width:100%;}#jtg-4330 .modula-items .figc p.description { font-size:14px; }#jtg-4330 .modula-items .figc p.description { color:#ffffff;}#jtg-4330 .modula-items .figc .jtg-title { color:#898989; }#jtg-4330.modula-gallery .modula-item > a, #jtg-4330.modula-gallery .modula-item, #jtg-4330.modula-gallery .modula-item-content > a:not(.modula-no-follow) { cursor:zoom-in; } #jtg-4330.modula-gallery .modula-item-content .modula-no-follow { cursor: default; } @media screen and (max-width:480px){#jtg-4330 .modula-item .figc .jtg-title {  font-size: 12px; }#jtg-4330 .modula-items .figc p.description { color:#ffffff;font-size:14px; }}<\/style>\n<div  id=\"jtg-4330\" class=\"modula modula-gallery modula-columns\" data-config=\"{&quot;tabletHeight&quot;:800,&quot;mobileHeight&quot;:800,&quot;desktopHeight&quot;:800,&quot;enableTwitter&quot;:false,&quot;enableWhatsapp&quot;:false,&quot;enableFacebook&quot;:false,&quot;enablePinterest&quot;:false,&quot;enableLinkedin&quot;:false,&quot;enableEmail&quot;:false,&quot;randomFactor&quot;:0.5,&quot;type&quot;:&quot;grid&quot;,&quot;columns&quot;:12,&quot;gutter&quot;:32,&quot;mobileGutter&quot;:16,&quot;tabletGutter&quot;:16,&quot;desktopGutter&quot;:32,&quot;enableResponsive&quot;:&quot;1&quot;,&quot;tabletColumns&quot;:&quot;2&quot;,&quot;mobileColumns&quot;:&quot;1&quot;,&quot;lazyLoad&quot;:&quot;1&quot;,&quot;lightboxOpts&quot;:{&quot;animated&quot;:true,&quot;Thumbs&quot;:{&quot;type&quot;:&quot;modern&quot;,&quot;showOnStart&quot;:false},&quot;Toolbar&quot;:{&quot;display&quot;:{&quot;right&quot;:[&quot;close&quot;]},&quot;enabled&quot;:true},&quot;Carousel&quot;:{&quot;Panzoom&quot;:{&quot;touch&quot;:false},&quot;infinite&quot;:false},&quot;keyboard&quot;:{&quot;Escape&quot;:&quot;close&quot;,&quot;Delete&quot;:&quot;close&quot;,&quot;Backspace&quot;:&quot;close&quot;,&quot;PageUp&quot;:false,&quot;PageDown&quot;:false,&quot;ArrowUp&quot;:false,&quot;ArrowDown&quot;:false,&quot;ArrowRight&quot;:false,&quot;ArrowLeft&quot;:false},&quot;touch&quot;:false,&quot;backdropClick&quot;:false,&quot;l10n&quot;:{&quot;CLOSE&quot;:&quot;Close&quot;,&quot;NEXT&quot;:&quot;Next&quot;,&quot;PREV&quot;:&quot;Previous&quot;,&quot;Error&quot;:&quot;The requested content cannot be loaded. Please try again later.&quot;,&quot;PLAY_START&quot;:&quot;Start slideshow&quot;,&quot;PLAY_STOP&quot;:&quot;Pause slideshow&quot;,&quot;FULL_SCREEN&quot;:&quot;Full screen&quot;,&quot;THUMBS&quot;:&quot;Thumbnails&quot;,&quot;DOWNLOAD&quot;:&quot;Download&quot;,&quot;SHARE&quot;:&quot;Share&quot;,&quot;ZOOM&quot;:&quot;Zoom&quot;,&quot;EMAIL&quot;:&quot;Here is the link to the image : %%image_link%% and this is the link to the gallery : %%gallery_link%%&quot;,&quot;MODAL&quot;:&quot;You can close this modal content with the ESC key&quot;,&quot;ERROR&quot;:&quot;Something Went Wrong, Please Try Again Later&quot;,&quot;IMAGE_ERROR&quot;:&quot;Image Not Found&quot;,&quot;ELEMENT_NOT_FOUND&quot;:&quot;HTML Element Not Found&quot;,&quot;AJAX_NOT_FOUND&quot;:&quot;Error Loading AJAX : Not Found&quot;,&quot;AJAX_FORBIDDEN&quot;:&quot;Error Loading AJAX : Forbidden&quot;,&quot;IFRAME_ERROR&quot;:&quot;Error Loading Page&quot;,&quot;TOGGLE_ZOOM&quot;:&quot;Toggle zoom level&quot;,&quot;TOGGLE_THUMBS&quot;:&quot;Toggle thumbnails&quot;,&quot;TOGGLE_SLIDESHOW&quot;:&quot;Toggle slideshow&quot;,&quot;TOGGLE_FULLSCREEN&quot;:&quot;Toggle full-screen mode&quot;},&quot;Images&quot;:{&quot;Panzoom&quot;:{&quot;maxScale&quot;:2}},&quot;mainClass&quot;:&quot;modula-fancybox-container modula-lightbox-jtg-4330&quot;,&quot;Html&quot;:{&quot;videoAutoplay&quot;:0,&quot;videoTpl&quot;:&quot;&lt;video class=\\&quot;fancybox__html5video\\&quot; controls muted playsinline controlsList controlsList=\\&quot;nodownload\\&quot; poster=\\&quot;{{poster}}\\&quot; src=\\&quot;{{src}}\\&quot; type=\\&quot;{{format}}\\&quot; &gt;  Sorry, your browser doesn&#039;t support embedded videos, &lt;a href=\\&quot;{{src}}\\&quot;&gt; download &lt;\\\/a&gt; and watch with your favorite video player! &lt;\\\/video&gt;&quot;}},&quot;inView&quot;:false,&quot;email_subject&quot;:&quot;Sprawd\\u017a ten niesamowity obrazek!&quot;,&quot;email_message&quot;:&quot;Oto odno\\u015bnik do obrazku: %%image_link%%, a to odno\\u015bnik do galerii: %%gallery_link%%&quot;,&quot;grid_type&quot;:&quot;automatic&quot;,&quot;rowHeight&quot;:400,&quot;lastRow&quot;:&quot;center&quot;,&quot;lightbox&quot;:&quot;fancybox&quot;}\">\n\n\t\n\t<div  class=\"modula-items grid-gallery\">\n\t\t<div class=\"modula-item effect-pufrobo\" >\n\t<div class=\"modula-item-overlay\"><\/div>\n\n\t<div class=\"modula-item-content\">\n\n\t\t\t\t\n\t\t\t\t\t<a data-image-id=\"4312\" tabindex=\"0\" rel=\"jtg-4330\" data-caption=\"\" aria-label=\"Open image in lightbox\" role=\"button\" class=\"tile-inner modula-item-link\"><\/a>\n\t\t\n\t\t<img class=\"pic wp-image-4312 lazyload\"  data-valign=\"middle\" data-halign=\"center\" alt=\"Produkcja i dystrybucja warzyw - sa\u0142aty\" data-full=\"https:\/\/nowalijka.pl\/wp-content\/uploads\/2022\/11\/salata.webp\" title=\"salata\" width=\"600\" height=\"600\" data-src=\"https:\/\/nowalijka.pl\/wp-content\/uploads\/2022\/11\/salata-600x600.webp\" data-caption=\"\" data-source=\"modula\" data-srcset=\"https:\/\/nowalijka.pl\/wp-content\/uploads\/2022\/11\/salata.webp 1000w, https:\/\/nowalijka.pl\/wp-content\/uploads\/2022\/11\/salata-500x500.webp 500w, https:\/\/nowalijka.pl\/wp-content\/uploads\/2022\/11\/salata-150x150.webp 150w, https:\/\/nowalijka.pl\/wp-content\/uploads\/2022\/11\/salata-768x768.webp 768w, https:\/\/nowalijka.pl\/wp-content\/uploads\/2022\/11\/salata-600x600.webp 600w, https:\/\/nowalijka.pl\/wp-content\/uploads\/2022\/11\/salata-900x900.webp 900w, https:\/\/nowalijka.pl\/wp-content\/uploads\/2022\/11\/salata-400x400.webp 400w, https:\/\/nowalijka.pl\/wp-content\/uploads\/2022\/11\/salata-200x200.webp 200w, https:\/\/nowalijka.pl\/wp-content\/uploads\/2022\/11\/salata-24x24.webp 24w, https:\/\/nowalijka.pl\/wp-content\/uploads\/2022\/11\/salata-36x36.webp 36w, https:\/\/nowalijka.pl\/wp-content\/uploads\/2022\/11\/salata-116x116.webp 116w\" data-sizes=\"(max-width: 600px) 100vw, 600px\" \/>\n\t\t<div class=\"figc no-description\">\n\t\t\t<div class=\"figc-inner\">\n\t\t\t\t\t\t\t\t\t\t\t\t\t\t\t<\/div>\n\t\t<\/div>\n\n\t<\/div>\n\n<\/div><div class=\"modula-item effect-pufrobo\" >\n\t<div class=\"modula-item-overlay\"><\/div>\n\n\t<div class=\"modula-item-content\">\n\n\t\t\t\t\n\t\t\t\t\t<a data-image-id=\"4331\" tabindex=\"0\" rel=\"jtg-4330\" data-caption=\"\" aria-label=\"Open image in lightbox\" role=\"button\" class=\"tile-inner modula-item-link\"><\/a>\n\t\t\n\t\t<img class=\"pic wp-image-4331 lazyload\"  data-valign=\"middle\" data-halign=\"center\" alt=\"\" data-full=\"https:\/\/nowalijka.pl\/wp-content\/uploads\/2022\/11\/DSC00082.webp\" title=\"DSC00082\" width=\"600\" height=\"400\" data-src=\"https:\/\/nowalijka.pl\/wp-content\/uploads\/2022\/11\/DSC00082-600x400.webp\" data-caption=\"\" data-source=\"modula\" data-srcset=\"https:\/\/nowalijka.pl\/wp-content\/uploads\/2022\/11\/DSC00082.webp 2560w, https:\/\/nowalijka.pl\/wp-content\/uploads\/2022\/11\/DSC00082-500x333.webp 500w, https:\/\/nowalijka.pl\/wp-content\/uploads\/2022\/11\/DSC00082-1024x683.webp 1024w, https:\/\/nowalijka.pl\/wp-content\/uploads\/2022\/11\/DSC00082-768x512.webp 768w, https:\/\/nowalijka.pl\/wp-content\/uploads\/2022\/11\/DSC00082-1536x1024.webp 1536w, https:\/\/nowalijka.pl\/wp-content\/uploads\/2022\/11\/DSC00082-2048x1365.webp 2048w, https:\/\/nowalijka.pl\/wp-content\/uploads\/2022\/11\/DSC00082-600x400.webp 600w, https:\/\/nowalijka.pl\/wp-content\/uploads\/2022\/11\/DSC00082-1200x800.webp 1200w, https:\/\/nowalijka.pl\/wp-content\/uploads\/2022\/11\/DSC00082-900x600.webp 900w, https:\/\/nowalijka.pl\/wp-content\/uploads\/2022\/11\/DSC00082-400x267.webp 400w, https:\/\/nowalijka.pl\/wp-content\/uploads\/2022\/11\/DSC00082-200x133.webp 200w, https:\/\/nowalijka.pl\/wp-content\/uploads\/2022\/11\/DSC00082-24x16.webp 24w, https:\/\/nowalijka.pl\/wp-content\/uploads\/2022\/11\/DSC00082-36x24.webp 36w, https:\/\/nowalijka.pl\/wp-content\/uploads\/2022\/11\/DSC00082-116x77.webp 116w\" data-sizes=\"(max-width: 600px) 100vw, 600px\" \/>\n\t\t<div class=\"figc no-description\">\n\t\t\t<div class=\"figc-inner\">\n\t\t\t\t\t\t\t\t\t\t\t\t\t\t\t<\/div>\n\t\t<\/div>\n\n\t<\/div>\n\n<\/div><div class=\"modula-item effect-pufrobo\" >\n\t<div class=\"modula-item-overlay\"><\/div>\n\n\t<div class=\"modula-item-content\">\n\n\t\t\t\t\n\t\t\t\t\t<a data-image-id=\"2201\" tabindex=\"0\" rel=\"jtg-4330\" data-caption=\"\" aria-label=\"Open image in lightbox\" role=\"button\" class=\"tile-inner modula-item-link\"><\/a>\n\t\t\n\t\t<img class=\"pic wp-image-2201 lazyload\"  data-valign=\"middle\" data-halign=\"center\" alt=\"\" data-full=\"https:\/\/nowalijka.pl\/wp-content\/uploads\/2022\/09\/DSC00176.webp\" title=\"DSC00176\" width=\"600\" height=\"400\" data-src=\"https:\/\/nowalijka.pl\/wp-content\/uploads\/2022\/09\/DSC00176-600x400.webp\" data-caption=\"\" data-source=\"modula\" data-srcset=\"https:\/\/nowalijka.pl\/wp-content\/uploads\/2022\/09\/DSC00176.webp 2560w, https:\/\/nowalijka.pl\/wp-content\/uploads\/2022\/09\/DSC00176-500x333.webp 500w, https:\/\/nowalijka.pl\/wp-content\/uploads\/2022\/09\/DSC00176-1024x683.webp 1024w, https:\/\/nowalijka.pl\/wp-content\/uploads\/2022\/09\/DSC00176-768x512.webp 768w, https:\/\/nowalijka.pl\/wp-content\/uploads\/2022\/09\/DSC00176-1536x1024.webp 1536w, https:\/\/nowalijka.pl\/wp-content\/uploads\/2022\/09\/DSC00176-2048x1365.webp 2048w, https:\/\/nowalijka.pl\/wp-content\/uploads\/2022\/09\/DSC00176-600x400.webp 600w, https:\/\/nowalijka.pl\/wp-content\/uploads\/2022\/09\/DSC00176-1200x800.webp 1200w, https:\/\/nowalijka.pl\/wp-content\/uploads\/2022\/09\/DSC00176-900x600.webp 900w, https:\/\/nowalijka.pl\/wp-content\/uploads\/2022\/09\/DSC00176-400x267.webp 400w, https:\/\/nowalijka.pl\/wp-content\/uploads\/2022\/09\/DSC00176-200x133.webp 200w, https:\/\/nowalijka.pl\/wp-content\/uploads\/2022\/09\/DSC00176-24x16.webp 24w, https:\/\/nowalijka.pl\/wp-content\/uploads\/2022\/09\/DSC00176-36x24.webp 36w, https:\/\/nowalijka.pl\/wp-content\/uploads\/2022\/09\/DSC00176-116x77.webp 116w\" data-sizes=\"(max-width: 600px) 100vw, 600px\" \/>\n\t\t<div class=\"figc no-description\">\n\t\t\t<div class=\"figc-inner\">\n\t\t\t\t\t\t\t\t\t\t\t\t\t\t\t<\/div>\n\t\t<\/div>\n\n\t<\/div>\n\n<\/div><div class=\"modula-item effect-pufrobo\" >\n\t<div class=\"modula-item-overlay\"><\/div>\n\n\t<div class=\"modula-item-content\">\n\n\t\t\t\t\n\t\t\t\t\t<a data-image-id=\"2006\" tabindex=\"0\" rel=\"jtg-4330\" data-caption=\"\" aria-label=\"Open image in lightbox\" role=\"button\" class=\"tile-inner modula-item-link\"><\/a>\n\t\t\n\t\t<img class=\"pic wp-image-2006 lazyload\"  data-valign=\"middle\" data-halign=\"center\" alt=\"\" data-full=\"https:\/\/nowalijka.pl\/wp-content\/uploads\/2022\/10\/mobile_header-2.webp\" title=\"mobile_header\" width=\"500\" height=\"500\" data-src=\"https:\/\/nowalijka.pl\/wp-content\/uploads\/2022\/10\/mobile_header-2.webp\" data-caption=\"\" data-source=\"modula\" data-srcset=\"https:\/\/nowalijka.pl\/wp-content\/uploads\/2022\/10\/mobile_header-2.webp 500w, https:\/\/nowalijka.pl\/wp-content\/uploads\/2022\/10\/mobile_header-2-150x150.webp 150w, https:\/\/nowalijka.pl\/wp-content\/uploads\/2022\/10\/mobile_header-2-400x400.webp 400w, https:\/\/nowalijka.pl\/wp-content\/uploads\/2022\/10\/mobile_header-2-200x200.webp 200w, https:\/\/nowalijka.pl\/wp-content\/uploads\/2022\/10\/mobile_header-2-24x24.webp 24w, https:\/\/nowalijka.pl\/wp-content\/uploads\/2022\/10\/mobile_header-2-36x36.webp 36w, https:\/\/nowalijka.pl\/wp-content\/uploads\/2022\/10\/mobile_header-2-116x116.webp 116w\" data-sizes=\"(max-width: 500px) 100vw, 500px\" \/>\n\t\t<div class=\"figc no-description\">\n\t\t\t<div class=\"figc-inner\">\n\t\t\t\t\t\t\t\t\t\t\t\t\t\t\t<\/div>\n\t\t<\/div>\n\n\t<\/div>\n\n<\/div><div class=\"modula-item effect-pufrobo\" >\n\t<div class=\"modula-item-overlay\"><\/div>\n\n\t<div class=\"modula-item-content\">\n\n\t\t\t\t\n\t\t\t\t\t<a data-image-id=\"4332\" tabindex=\"0\" rel=\"jtg-4330\" data-caption=\"\" aria-label=\"Open image in lightbox\" role=\"button\" class=\"tile-inner modula-item-link\"><\/a>\n\t\t\n\t\t<img class=\"pic wp-image-4332 lazyload\"  data-valign=\"middle\" data-halign=\"center\" alt=\"\" data-full=\"https:\/\/nowalijka.pl\/wp-content\/uploads\/2022\/11\/DSC09569.webp\" title=\"DSC09569\" width=\"600\" height=\"400\" data-src=\"https:\/\/nowalijka.pl\/wp-content\/uploads\/2022\/11\/DSC09569-600x400.webp\" data-caption=\"\" data-source=\"modula\" data-srcset=\"https:\/\/nowalijka.pl\/wp-content\/uploads\/2022\/11\/DSC09569.webp 2560w, https:\/\/nowalijka.pl\/wp-content\/uploads\/2022\/11\/DSC09569-500x333.webp 500w, https:\/\/nowalijka.pl\/wp-content\/uploads\/2022\/11\/DSC09569-1024x683.webp 1024w, https:\/\/nowalijka.pl\/wp-content\/uploads\/2022\/11\/DSC09569-768x512.webp 768w, https:\/\/nowalijka.pl\/wp-content\/uploads\/2022\/11\/DSC09569-1536x1024.webp 1536w, https:\/\/nowalijka.pl\/wp-content\/uploads\/2022\/11\/DSC09569-2048x1365.webp 2048w, https:\/\/nowalijka.pl\/wp-content\/uploads\/2022\/11\/DSC09569-600x400.webp 600w, https:\/\/nowalijka.pl\/wp-content\/uploads\/2022\/11\/DSC09569-1200x800.webp 1200w, https:\/\/nowalijka.pl\/wp-content\/uploads\/2022\/11\/DSC09569-900x600.webp 900w, https:\/\/nowalijka.pl\/wp-content\/uploads\/2022\/11\/DSC09569-400x267.webp 400w, https:\/\/nowalijka.pl\/wp-content\/uploads\/2022\/11\/DSC09569-200x133.webp 200w, https:\/\/nowalijka.pl\/wp-content\/uploads\/2022\/11\/DSC09569-24x16.webp 24w, https:\/\/nowalijka.pl\/wp-content\/uploads\/2022\/11\/DSC09569-36x24.webp 36w, https:\/\/nowalijka.pl\/wp-content\/uploads\/2022\/11\/DSC09569-116x77.webp 116w\" data-sizes=\"(max-width: 600px) 100vw, 600px\" \/>\n\t\t<div class=\"figc no-description\">\n\t\t\t<div class=\"figc-inner\">\n\t\t\t\t\t\t\t\t\t\t\t\t\t\t\t<\/div>\n\t\t<\/div>\n\n\t<\/div>\n\n<\/div>\t\t\n\t<\/div>\n\n\t\n\t\n\t<script type=\"application\/ld+json\">\n\t{\n\t\t\"@context\": \"http:\/\/schema.org\",\n\t\t\"@type\"   : \"ImageGallery\",\n\t\t\"id\"      : \"https:\/\/nowalijka.pl\/en\/dystrybucja-warzyw\/salaty\/\",\n\t\t\"url\"     : \"https:\/\/nowalijka.pl\/en\/dystrybucja-warzyw\/salaty\/\"\n\t}\n\n\t<\/script>\n\n\t\n<\/div>\n","protected":false},"excerpt":{"rendered":"","protected":false},"author":7,"featured_media":845,"parent":49,"menu_order":0,"comment_status":"closed","ping_status":"closed","template":"page-product-single.php","meta":{"_acf_changed":false,"om_disable_all_campaigns":false,"inline_featured_image":false,"_monsterinsights_skip_tracking":false,"_monsterinsights_sitenote_active":false,"_monsterinsights_sitenote_note":"","_monsterinsights_sitenote_category":0,"footnotes":""},"acf":[],"yoast_head":"<!-- This site is optimized with the Yoast SEO plugin v23.5 - https:\/\/yoast.com\/wordpress\/plugins\/seo\/ -->\n<title>Sa\u0142aty - Nowalijka<\/title>\n<meta name=\"description\" content=\"Sa\u0142aty BONA - mas\u0142owa, karbowana, d\u0119bolistna, batawska, ozdobna, a tak\u017ce kolorowy mix sa\u0142at - uprawiamy sa\u0142aty na Tw\u00f3j st\u00f3\u0142\" \/>\n<meta name=\"robots\" content=\"index, follow, max-snippet:-1, max-image-preview:large, max-video-preview:-1\" \/>\n<link rel=\"canonical\" href=\"https:\/\/nowalijka.pl\/en\/dystrybucja-warzyw\/salaty\/\" \/>\n<meta property=\"og:locale\" content=\"en_US\" \/>\n<meta property=\"og:locale:alternate\" content=\"pl_PL\" \/>\n<meta property=\"og:locale:alternate\" content=\"de_DE\" \/>\n<meta property=\"og:locale:alternate\" content=\"nl_NL\" \/>\n<meta property=\"og:type\" content=\"article\" \/>\n<meta property=\"og:title\" content=\"Sa\u0142aty - Nowalijka\" \/>\n<meta property=\"og:description\" content=\"Sa\u0142aty BONA - mas\u0142owa, karbowana, d\u0119bolistna, batawska, ozdobna, a tak\u017ce kolorowy mix sa\u0142at - uprawiamy sa\u0142aty na Tw\u00f3j st\u00f3\u0142\" \/>\n<meta property=\"og:url\" content=\"https:\/\/nowalijka.pl\/en\/dystrybucja-warzyw\/salaty\/\" \/>\n<meta property=\"og:site_name\" content=\"Nowalijka\" \/>\n<meta property=\"article:publisher\" content=\"https:\/\/www.facebook.com\/Nowalijkapl\" \/>\n<meta property=\"article:modified_time\" content=\"2023-05-25T12:04:51+00:00\" \/>\n<meta property=\"og:image\" content=\"https:\/\/nowalijka.pl\/wp-content\/uploads\/2022\/10\/header_salaty.jpg\" \/>\n\t<meta property=\"og:image:width\" content=\"1480\" \/>\n\t<meta property=\"og:image:height\" content=\"280\" \/>\n\t<meta property=\"og:image:type\" content=\"image\/jpeg\" \/>\n<meta name=\"twitter:card\" content=\"summary_large_image\" \/>\n<meta name=\"twitter:label1\" content=\"Est. reading time\" \/>\n\t<meta name=\"twitter:data1\" content=\"1 minute\" \/>\n<script type=\"application\/ld+json\" class=\"yoast-schema-graph\">{\"@context\":\"https:\/\/schema.org\",\"@graph\":[{\"@type\":\"WebPage\",\"@id\":\"https:\/\/nowalijka.pl\/dystrybucja-warzyw\/salaty\/\",\"url\":\"https:\/\/nowalijka.pl\/dystrybucja-warzyw\/salaty\/\",\"name\":\"Sa\u0142aty - Nowalijka\",\"isPartOf\":{\"@id\":\"https:\/\/nowalijka.pl\/#website\"},\"primaryImageOfPage\":{\"@id\":\"https:\/\/nowalijka.pl\/dystrybucja-warzyw\/salaty\/#primaryimage\"},\"image\":{\"@id\":\"https:\/\/nowalijka.pl\/dystrybucja-warzyw\/salaty\/#primaryimage\"},\"thumbnailUrl\":\"https:\/\/nowalijka.pl\/wp-content\/uploads\/2022\/10\/header_salaty.jpg\",\"datePublished\":\"2022-09-14T09:17:51+00:00\",\"dateModified\":\"2023-05-25T12:04:51+00:00\",\"description\":\"Sa\u0142aty BONA - mas\u0142owa, karbowana, d\u0119bolistna, batawska, ozdobna, a tak\u017ce kolorowy mix sa\u0142at - uprawiamy sa\u0142aty na Tw\u00f3j st\u00f3\u0142\",\"breadcrumb\":{\"@id\":\"https:\/\/nowalijka.pl\/dystrybucja-warzyw\/salaty\/#breadcrumb\"},\"inLanguage\":\"en-US\",\"potentialAction\":[{\"@type\":\"ReadAction\",\"target\":[\"https:\/\/nowalijka.pl\/dystrybucja-warzyw\/salaty\/\"]}]},{\"@type\":\"ImageObject\",\"inLanguage\":\"en-US\",\"@id\":\"https:\/\/nowalijka.pl\/dystrybucja-warzyw\/salaty\/#primaryimage\",\"url\":\"https:\/\/nowalijka.pl\/wp-content\/uploads\/2022\/10\/header_salaty.jpg\",\"contentUrl\":\"https:\/\/nowalijka.pl\/wp-content\/uploads\/2022\/10\/header_salaty.jpg\",\"width\":1480,\"height\":280},{\"@type\":\"BreadcrumbList\",\"@id\":\"https:\/\/nowalijka.pl\/dystrybucja-warzyw\/salaty\/#breadcrumb\",\"itemListElement\":[{\"@type\":\"ListItem\",\"position\":1,\"name\":\"Strona g\u0142\u00f3wna\",\"item\":\"https:\/\/nowalijka.pl\/nl\/\"},{\"@type\":\"ListItem\",\"position\":2,\"name\":\"Produkty\",\"item\":\"https:\/\/nowalijka.pl\/dystrybucja-warzyw\/\"},{\"@type\":\"ListItem\",\"position\":3,\"name\":\"Sa\u0142aty\"}]},{\"@type\":\"WebSite\",\"@id\":\"https:\/\/nowalijka.pl\/#website\",\"url\":\"https:\/\/nowalijka.pl\/\",\"name\":\"Nowalijka\",\"description\":\"Produkcja i dystrybucja warzyw\",\"publisher\":{\"@id\":\"https:\/\/nowalijka.pl\/#organization\"},\"potentialAction\":[{\"@type\":\"SearchAction\",\"target\":{\"@type\":\"EntryPoint\",\"urlTemplate\":\"https:\/\/nowalijka.pl\/?s={search_term_string}\"},\"query-input\":{\"@type\":\"PropertyValueSpecification\",\"valueRequired\":true,\"valueName\":\"search_term_string\"}}],\"inLanguage\":\"en-US\"},{\"@type\":\"Organization\",\"@id\":\"https:\/\/nowalijka.pl\/#organization\",\"name\":\"Nowalijka\",\"url\":\"https:\/\/nowalijka.pl\/\",\"logo\":{\"@type\":\"ImageObject\",\"inLanguage\":\"en-US\",\"@id\":\"https:\/\/nowalijka.pl\/#\/schema\/logo\/image\/\",\"url\":\"https:\/\/nowalijka.pl\/wp-content\/uploads\/2022\/09\/nowalijka_logo.svg\",\"contentUrl\":\"https:\/\/nowalijka.pl\/wp-content\/uploads\/2022\/09\/nowalijka_logo.svg\",\"width\":251,\"height\":71,\"caption\":\"Nowalijka\"},\"image\":{\"@id\":\"https:\/\/nowalijka.pl\/#\/schema\/logo\/image\/\"},\"sameAs\":[\"https:\/\/www.facebook.com\/Nowalijkapl\",\"https:\/\/www.instagram.com\/nowalijkapl\/\",\"https:\/\/www.linkedin.com\/\"]}]}<\/script>\n<!-- \/ Yoast SEO plugin. -->","yoast_head_json":{"title":"Sa\u0142aty - Nowalijka","description":"Sa\u0142aty BONA - mas\u0142owa, karbowana, d\u0119bolistna, batawska, ozdobna, a tak\u017ce kolorowy mix sa\u0142at - uprawiamy sa\u0142aty na Tw\u00f3j st\u00f3\u0142","robots":{"index":"index","follow":"follow","max-snippet":"max-snippet:-1","max-image-preview":"max-image-preview:large","max-video-preview":"max-video-preview:-1"},"canonical":"https:\/\/nowalijka.pl\/en\/dystrybucja-warzyw\/salaty\/","og_locale":"en_US","og_type":"article","og_title":"Sa\u0142aty - Nowalijka","og_description":"Sa\u0142aty BONA - mas\u0142owa, karbowana, d\u0119bolistna, batawska, ozdobna, a tak\u017ce kolorowy mix sa\u0142at - uprawiamy sa\u0142aty na Tw\u00f3j st\u00f3\u0142","og_url":"https:\/\/nowalijka.pl\/en\/dystrybucja-warzyw\/salaty\/","og_site_name":"Nowalijka","article_publisher":"https:\/\/www.facebook.com\/Nowalijkapl","article_modified_time":"2023-05-25T12:04:51+00:00","og_image":[{"width":1480,"height":280,"url":"https:\/\/nowalijka.pl\/wp-content\/uploads\/2022\/10\/header_salaty.jpg","type":"image\/jpeg"}],"twitter_card":"summary_large_image","twitter_misc":{"Est. reading time":"1 minute"},"schema":{"@context":"https:\/\/schema.org","@graph":[{"@type":"WebPage","@id":"https:\/\/nowalijka.pl\/dystrybucja-warzyw\/salaty\/","url":"https:\/\/nowalijka.pl\/dystrybucja-warzyw\/salaty\/","name":"Sa\u0142aty - Nowalijka","isPartOf":{"@id":"https:\/\/nowalijka.pl\/#website"},"primaryImageOfPage":{"@id":"https:\/\/nowalijka.pl\/dystrybucja-warzyw\/salaty\/#primaryimage"},"image":{"@id":"https:\/\/nowalijka.pl\/dystrybucja-warzyw\/salaty\/#primaryimage"},"thumbnailUrl":"https:\/\/nowalijka.pl\/wp-content\/uploads\/2022\/10\/header_salaty.jpg","datePublished":"2022-09-14T09:17:51+00:00","dateModified":"2023-05-25T12:04:51+00:00","description":"Sa\u0142aty BONA - mas\u0142owa, karbowana, d\u0119bolistna, batawska, ozdobna, a tak\u017ce kolorowy mix sa\u0142at - uprawiamy sa\u0142aty na Tw\u00f3j st\u00f3\u0142","breadcrumb":{"@id":"https:\/\/nowalijka.pl\/dystrybucja-warzyw\/salaty\/#breadcrumb"},"inLanguage":"en-US","potentialAction":[{"@type":"ReadAction","target":["https:\/\/nowalijka.pl\/dystrybucja-warzyw\/salaty\/"]}]},{"@type":"ImageObject","inLanguage":"en-US","@id":"https:\/\/nowalijka.pl\/dystrybucja-warzyw\/salaty\/#primaryimage","url":"https:\/\/nowalijka.pl\/wp-content\/uploads\/2022\/10\/header_salaty.jpg","contentUrl":"https:\/\/nowalijka.pl\/wp-content\/uploads\/2022\/10\/header_salaty.jpg","width":1480,"height":280},{"@type":"BreadcrumbList","@id":"https:\/\/nowalijka.pl\/dystrybucja-warzyw\/salaty\/#breadcrumb","itemListElement":[{"@type":"ListItem","position":1,"name":"Strona g\u0142\u00f3wna","item":"https:\/\/nowalijka.pl\/nl\/"},{"@type":"ListItem","position":2,"name":"Produkty","item":"https:\/\/nowalijka.pl\/dystrybucja-warzyw\/"},{"@type":"ListItem","position":3,"name":"Sa\u0142aty"}]},{"@type":"WebSite","@id":"https:\/\/nowalijka.pl\/#website","url":"https:\/\/nowalijka.pl\/","name":"Nowalijka","description":"Produkcja i dystrybucja warzyw","publisher":{"@id":"https:\/\/nowalijka.pl\/#organization"},"potentialAction":[{"@type":"SearchAction","target":{"@type":"EntryPoint","urlTemplate":"https:\/\/nowalijka.pl\/?s={search_term_string}"},"query-input":{"@type":"PropertyValueSpecification","valueRequired":true,"valueName":"search_term_string"}}],"inLanguage":"en-US"},{"@type":"Organization","@id":"https:\/\/nowalijka.pl\/#organization","name":"Nowalijka","url":"https:\/\/nowalijka.pl\/","logo":{"@type":"ImageObject","inLanguage":"en-US","@id":"https:\/\/nowalijka.pl\/#\/schema\/logo\/image\/","url":"https:\/\/nowalijka.pl\/wp-content\/uploads\/2022\/09\/nowalijka_logo.svg","contentUrl":"https:\/\/nowalijka.pl\/wp-content\/uploads\/2022\/09\/nowalijka_logo.svg","width":251,"height":71,"caption":"Nowalijka"},"image":{"@id":"https:\/\/nowalijka.pl\/#\/schema\/logo\/image\/"},"sameAs":["https:\/\/www.facebook.com\/Nowalijkapl","https:\/\/www.instagram.com\/nowalijkapl\/","https:\/\/www.linkedin.com\/"]}]}},"_links":{"self":[{"href":"https:\/\/nowalijka.pl\/en\/wp-json\/wp\/v2\/pages\/122"}],"collection":[{"href":"https:\/\/nowalijka.pl\/en\/wp-json\/wp\/v2\/pages"}],"about":[{"href":"https:\/\/nowalijka.pl\/en\/wp-json\/wp\/v2\/types\/page"}],"author":[{"embeddable":true,"href":"https:\/\/nowalijka.pl\/en\/wp-json\/wp\/v2\/users\/7"}],"replies":[{"embeddable":true,"href":"https:\/\/nowalijka.pl\/en\/wp-json\/wp\/v2\/comments?post=122"}],"version-history":[{"count":50,"href":"https:\/\/nowalijka.pl\/en\/wp-json\/wp\/v2\/pages\/122\/revisions"}],"predecessor-version":[{"id":5173,"href":"https:\/\/nowalijka.pl\/en\/wp-json\/wp\/v2\/pages\/122\/revisions\/5173"}],"up":[{"embeddable":true,"href":"https:\/\/nowalijka.pl\/en\/wp-json\/wp\/v2\/pages\/49"}],"wp:featuredmedia":[{"embeddable":true,"href":"https:\/\/nowalijka.pl\/en\/wp-json\/wp\/v2\/media\/845"}],"wp:attachment":[{"href":"https:\/\/nowalijka.pl\/en\/wp-json\/wp\/v2\/media?parent=122"}],"curies":[{"name":"wp","href":"https:\/\/api.w.org\/{rel}","templated":true}]}}