{"id":1689,"date":"2022-10-10T15:49:41","date_gmt":"2022-10-10T15:49:41","guid":{"rendered":"https:\/\/nowalijka.pl\/?page_id=1689"},"modified":"2023-05-23T08:58:28","modified_gmt":"2023-05-23T08:58:28","slug":"oferty-pracy-piotrkow","status":"publish","type":"page","link":"https:\/\/nowalijka.pl\/en\/praca\/oferty-pracy-piotrkow\/","title":{"rendered":"Oferty Pracy"},"content":{"rendered":"","protected":false},"excerpt":{"rendered":"","protected":false},"author":7,"featured_media":853,"parent":57,"menu_order":0,"comment_status":"closed","ping_status":"closed","template":"page-oferty.php","meta":{"_acf_changed":false,"om_disable_all_campaigns":false,"inline_featured_image":false,"_monsterinsights_skip_tracking":false,"_monsterinsights_sitenote_active":false,"_monsterinsights_sitenote_note":"","_monsterinsights_sitenote_category":0,"footnotes":""},"acf":[],"yoast_head":"<!-- This site is optimized with the Yoast SEO plugin v23.5 - https:\/\/yoast.com\/wordpress\/plugins\/seo\/ -->\n<title>Oferty Pracy Piotrk\u00f3w - Nowalijka<\/title>\n<meta name=\"description\" content=\"Oferty pracy Piotrk\u00f3w - postaw na prac\u0119 w firmie o ugruntowanej pozycji - zyskaj stabilne zatrudnienie i atrakcyjne wynagrodzenie\" \/>\n<meta name=\"robots\" content=\"index, follow, max-snippet:-1, max-image-preview:large, max-video-preview:-1\" \/>\n<link rel=\"canonical\" href=\"https:\/\/nowalijka.pl\/en\/praca\/oferty-pracy-piotrkow\/\" \/>\n<meta property=\"og:locale\" content=\"en_US\" \/>\n<meta property=\"og:locale:alternate\" content=\"pl_PL\" \/>\n<meta property=\"og:locale:alternate\" content=\"de_DE\" \/>\n<meta property=\"og:locale:alternate\" content=\"nl_NL\" \/>\n<meta property=\"og:type\" content=\"article\" \/>\n<meta property=\"og:title\" content=\"Oferty Pracy Piotrk\u00f3w - Nowalijka\" \/>\n<meta property=\"og:description\" content=\"Oferty pracy Piotrk\u00f3w - postaw na prac\u0119 w firmie o ugruntowanej pozycji - zyskaj stabilne zatrudnienie i atrakcyjne wynagrodzenie\" \/>\n<meta property=\"og:url\" content=\"https:\/\/nowalijka.pl\/en\/praca\/oferty-pracy-piotrkow\/\" \/>\n<meta property=\"og:site_name\" content=\"Nowalijka\" \/>\n<meta property=\"article:publisher\" content=\"https:\/\/www.facebook.com\/Nowalijkapl\" \/>\n<meta property=\"article:modified_time\" content=\"2023-05-23T08:58:28+00:00\" \/>\n<meta property=\"og:image\" content=\"https:\/\/nowalijka.pl\/wp-content\/uploads\/2022\/10\/bacground_tekst-2.jpg\" \/>\n\t<meta property=\"og:image:width\" content=\"1591\" \/>\n\t<meta property=\"og:image:height\" content=\"191\" \/>\n\t<meta property=\"og:image:type\" content=\"image\/jpeg\" \/>\n<meta name=\"twitter:card\" content=\"summary_large_image\" \/>\n<script type=\"application\/ld+json\" class=\"yoast-schema-graph\">{\"@context\":\"https:\/\/schema.org\",\"@graph\":[{\"@type\":\"WebPage\",\"@id\":\"https:\/\/nowalijka.pl\/praca\/oferty-pracy-piotrkow\/\",\"url\":\"https:\/\/nowalijka.pl\/praca\/oferty-pracy-piotrkow\/\",\"name\":\"Oferty Pracy Piotrk\u00f3w - Nowalijka\",\"isPartOf\":{\"@id\":\"https:\/\/nowalijka.pl\/#website\"},\"primaryImageOfPage\":{\"@id\":\"https:\/\/nowalijka.pl\/praca\/oferty-pracy-piotrkow\/#primaryimage\"},\"image\":{\"@id\":\"https:\/\/nowalijka.pl\/praca\/oferty-pracy-piotrkow\/#primaryimage\"},\"thumbnailUrl\":\"https:\/\/nowalijka.pl\/wp-content\/uploads\/2022\/10\/bacground_tekst-2.jpg\",\"datePublished\":\"2022-10-10T15:49:41+00:00\",\"dateModified\":\"2023-05-23T08:58:28+00:00\",\"description\":\"Oferty pracy Piotrk\u00f3w - postaw na prac\u0119 w firmie o ugruntowanej pozycji - zyskaj stabilne zatrudnienie i atrakcyjne wynagrodzenie\",\"breadcrumb\":{\"@id\":\"https:\/\/nowalijka.pl\/praca\/oferty-pracy-piotrkow\/#breadcrumb\"},\"inLanguage\":\"en-US\",\"potentialAction\":[{\"@type\":\"ReadAction\",\"target\":[\"https:\/\/nowalijka.pl\/praca\/oferty-pracy-piotrkow\/\"]}]},{\"@type\":\"ImageObject\",\"inLanguage\":\"en-US\",\"@id\":\"https:\/\/nowalijka.pl\/praca\/oferty-pracy-piotrkow\/#primaryimage\",\"url\":\"https:\/\/nowalijka.pl\/wp-content\/uploads\/2022\/10\/bacground_tekst-2.jpg\",\"contentUrl\":\"https:\/\/nowalijka.pl\/wp-content\/uploads\/2022\/10\/bacground_tekst-2.jpg\",\"width\":1591,\"height\":191},{\"@type\":\"BreadcrumbList\",\"@id\":\"https:\/\/nowalijka.pl\/praca\/oferty-pracy-piotrkow\/#breadcrumb\",\"itemListElement\":[{\"@type\":\"ListItem\",\"position\":1,\"name\":\"Strona g\u0142\u00f3wna\",\"item\":\"https:\/\/nowalijka.pl\/nl\/\"},{\"@type\":\"ListItem\",\"position\":2,\"name\":\"Praca\",\"item\":\"https:\/\/nowalijka.pl\/praca\/\"},{\"@type\":\"ListItem\",\"position\":3,\"name\":\"Oferty Pracy\"}]},{\"@type\":\"WebSite\",\"@id\":\"https:\/\/nowalijka.pl\/#website\",\"url\":\"https:\/\/nowalijka.pl\/\",\"name\":\"Nowalijka\",\"description\":\"Produkcja i dystrybucja warzyw\",\"publisher\":{\"@id\":\"https:\/\/nowalijka.pl\/#organization\"},\"potentialAction\":[{\"@type\":\"SearchAction\",\"target\":{\"@type\":\"EntryPoint\",\"urlTemplate\":\"https:\/\/nowalijka.pl\/?s={search_term_string}\"},\"query-input\":{\"@type\":\"PropertyValueSpecification\",\"valueRequired\":true,\"valueName\":\"search_term_string\"}}],\"inLanguage\":\"en-US\"},{\"@type\":\"Organization\",\"@id\":\"https:\/\/nowalijka.pl\/#organization\",\"name\":\"Nowalijka\",\"url\":\"https:\/\/nowalijka.pl\/\",\"logo\":{\"@type\":\"ImageObject\",\"inLanguage\":\"en-US\",\"@id\":\"https:\/\/nowalijka.pl\/#\/schema\/logo\/image\/\",\"url\":\"https:\/\/nowalijka.pl\/wp-content\/uploads\/2022\/09\/nowalijka_logo.svg\",\"contentUrl\":\"https:\/\/nowalijka.pl\/wp-content\/uploads\/2022\/09\/nowalijka_logo.svg\",\"width\":251,\"height\":71,\"caption\":\"Nowalijka\"},\"image\":{\"@id\":\"https:\/\/nowalijka.pl\/#\/schema\/logo\/image\/\"},\"sameAs\":[\"https:\/\/www.facebook.com\/Nowalijkapl\",\"https:\/\/www.instagram.com\/nowalijkapl\/\",\"https:\/\/www.linkedin.com\/\"]}]}<\/script>\n<!-- \/ Yoast SEO plugin. -->","yoast_head_json":{"title":"Oferty Pracy Piotrk\u00f3w - Nowalijka","description":"Oferty pracy Piotrk\u00f3w - postaw na prac\u0119 w firmie o ugruntowanej pozycji - zyskaj stabilne zatrudnienie i atrakcyjne wynagrodzenie","robots":{"index":"index","follow":"follow","max-snippet":"max-snippet:-1","max-image-preview":"max-image-preview:large","max-video-preview":"max-video-preview:-1"},"canonical":"https:\/\/nowalijka.pl\/en\/praca\/oferty-pracy-piotrkow\/","og_locale":"en_US","og_type":"article","og_title":"Oferty Pracy Piotrk\u00f3w - Nowalijka","og_description":"Oferty pracy Piotrk\u00f3w - postaw na prac\u0119 w firmie o ugruntowanej pozycji - zyskaj stabilne zatrudnienie i atrakcyjne wynagrodzenie","og_url":"https:\/\/nowalijka.pl\/en\/praca\/oferty-pracy-piotrkow\/","og_site_name":"Nowalijka","article_publisher":"https:\/\/www.facebook.com\/Nowalijkapl","article_modified_time":"2023-05-23T08:58:28+00:00","og_image":[{"width":1591,"height":191,"url":"https:\/\/nowalijka.pl\/wp-content\/uploads\/2022\/10\/bacground_tekst-2.jpg","type":"image\/jpeg"}],"twitter_card":"summary_large_image","schema":{"@context":"https:\/\/schema.org","@graph":[{"@type":"WebPage","@id":"https:\/\/nowalijka.pl\/praca\/oferty-pracy-piotrkow\/","url":"https:\/\/nowalijka.pl\/praca\/oferty-pracy-piotrkow\/","name":"Oferty Pracy Piotrk\u00f3w - Nowalijka","isPartOf":{"@id":"https:\/\/nowalijka.pl\/#website"},"primaryImageOfPage":{"@id":"https:\/\/nowalijka.pl\/praca\/oferty-pracy-piotrkow\/#primaryimage"},"image":{"@id":"https:\/\/nowalijka.pl\/praca\/oferty-pracy-piotrkow\/#primaryimage"},"thumbnailUrl":"https:\/\/nowalijka.pl\/wp-content\/uploads\/2022\/10\/bacground_tekst-2.jpg","datePublished":"2022-10-10T15:49:41+00:00","dateModified":"2023-05-23T08:58:28+00:00","description":"Oferty pracy Piotrk\u00f3w - postaw na prac\u0119 w firmie o ugruntowanej pozycji - zyskaj stabilne zatrudnienie i atrakcyjne wynagrodzenie","breadcrumb":{"@id":"https:\/\/nowalijka.pl\/praca\/oferty-pracy-piotrkow\/#breadcrumb"},"inLanguage":"en-US","potentialAction":[{"@type":"ReadAction","target":["https:\/\/nowalijka.pl\/praca\/oferty-pracy-piotrkow\/"]}]},{"@type":"ImageObject","inLanguage":"en-US","@id":"https:\/\/nowalijka.pl\/praca\/oferty-pracy-piotrkow\/#primaryimage","url":"https:\/\/nowalijka.pl\/wp-content\/uploads\/2022\/10\/bacground_tekst-2.jpg","contentUrl":"https:\/\/nowalijka.pl\/wp-content\/uploads\/2022\/10\/bacground_tekst-2.jpg","width":1591,"height":191},{"@type":"BreadcrumbList","@id":"https:\/\/nowalijka.pl\/praca\/oferty-pracy-piotrkow\/#breadcrumb","itemListElement":[{"@type":"ListItem","position":1,"name":"Strona g\u0142\u00f3wna","item":"https:\/\/nowalijka.pl\/nl\/"},{"@type":"ListItem","position":2,"name":"Praca","item":"https:\/\/nowalijka.pl\/praca\/"},{"@type":"ListItem","position":3,"name":"Oferty Pracy"}]},{"@type":"WebSite","@id":"https:\/\/nowalijka.pl\/#website","url":"https:\/\/nowalijka.pl\/","name":"Nowalijka","description":"Produkcja i dystrybucja warzyw","publisher":{"@id":"https:\/\/nowalijka.pl\/#organization"},"potentialAction":[{"@type":"SearchAction","target":{"@type":"EntryPoint","urlTemplate":"https:\/\/nowalijka.pl\/?s={search_term_string}"},"query-input":{"@type":"PropertyValueSpecification","valueRequired":true,"valueName":"search_term_string"}}],"inLanguage":"en-US"},{"@type":"Organization","@id":"https:\/\/nowalijka.pl\/#organization","name":"Nowalijka","url":"https:\/\/nowalijka.pl\/","logo":{"@type":"ImageObject","inLanguage":"en-US","@id":"https:\/\/nowalijka.pl\/#\/schema\/logo\/image\/","url":"https:\/\/nowalijka.pl\/wp-content\/uploads\/2022\/09\/nowalijka_logo.svg","contentUrl":"https:\/\/nowalijka.pl\/wp-content\/uploads\/2022\/09\/nowalijka_logo.svg","width":251,"height":71,"caption":"Nowalijka"},"image":{"@id":"https:\/\/nowalijka.pl\/#\/schema\/logo\/image\/"},"sameAs":["https:\/\/www.facebook.com\/Nowalijkapl","https:\/\/www.instagram.com\/nowalijkapl\/","https:\/\/www.linkedin.com\/"]}]}},"_links":{"self":[{"href":"https:\/\/nowalijka.pl\/en\/wp-json\/wp\/v2\/pages\/1689"}],"collection":[{"href":"https:\/\/nowalijka.pl\/en\/wp-json\/wp\/v2\/pages"}],"about":[{"href":"https:\/\/nowalijka.pl\/en\/wp-json\/wp\/v2\/types\/page"}],"author":[{"embeddable":true,"href":"https:\/\/nowalijka.pl\/en\/wp-json\/wp\/v2\/users\/7"}],"replies":[{"embeddable":true,"href":"https:\/\/nowalijka.pl\/en\/wp-json\/wp\/v2\/comments?post=1689"}],"version-history":[{"count":45,"href":"https:\/\/nowalijka.pl\/en\/wp-json\/wp\/v2\/pages\/1689\/revisions"}],"predecessor-version":[{"id":5106,"href":"https:\/\/nowalijka.pl\/en\/wp-json\/wp\/v2\/pages\/1689\/revisions\/5106"}],"up":[{"embeddable":true,"href":"https:\/\/nowalijka.pl\/en\/wp-json\/wp\/v2\/pages\/57"}],"wp:featuredmedia":[{"embeddable":true,"href":"https:\/\/nowalijka.pl\/en\/wp-json\/wp\/v2\/media\/853"}],"wp:attachment":[{"href":"https:\/\/nowalijka.pl\/en\/wp-json\/wp\/v2\/media?parent=1689"}],"curies":[{"name":"wp","href":"https:\/\/api.w.org\/{rel}","templated":true}]}}