{"id":49,"date":"2022-09-13T20:37:20","date_gmt":"2022-09-13T20:37:20","guid":{"rendered":"https:\/\/nowalijka.pl\/?page_id=49"},"modified":"2025-12-22T13:38:10","modified_gmt":"2025-12-22T13:38:10","slug":"dystrybucja-warzyw","status":"publish","type":"page","link":"https:\/\/nowalijka.pl\/en\/dystrybucja-warzyw\/","title":{"rendered":"Produkty"},"content":{"rendered":"","protected":false},"excerpt":{"rendered":"","protected":false},"author":7,"featured_media":2103,"parent":0,"menu_order":0,"comment_status":"closed","ping_status":"closed","template":"page-products.php","meta":{"_acf_changed":false,"om_disable_all_campaigns":false,"inline_featured_image":false,"_monsterinsights_skip_tracking":false,"_monsterinsights_sitenote_active":false,"_monsterinsights_sitenote_note":"","_monsterinsights_sitenote_category":0,"footnotes":""},"acf":[],"yoast_head":"<!-- This site is optimized with the Yoast SEO plugin v23.5 - https:\/\/yoast.com\/wordpress\/plugins\/seo\/ -->\n<title>Produkty - Nowalijka<\/title>\n<meta name=\"description\" content=\"Dystrybucja warzyw - uprawa, produkcja dystrybucja warzyw, zi\u00f3\u0142, mix\u00f3w sa\u0142at, da\u0144 warzywnych i da\u0144 gotowych, w tym zup i lunch box\u00f3w\" \/>\n<meta name=\"robots\" content=\"index, follow, max-snippet:-1, max-image-preview:large, max-video-preview:-1\" \/>\n<link rel=\"canonical\" href=\"https:\/\/nowalijka.pl\/en\/dystrybucja-warzyw\/\" \/>\n<meta property=\"og:locale\" content=\"en_US\" \/>\n<meta property=\"og:locale:alternate\" content=\"pl_PL\" \/>\n<meta property=\"og:locale:alternate\" content=\"de_DE\" \/>\n<meta property=\"og:locale:alternate\" content=\"nl_NL\" \/>\n<meta property=\"og:type\" content=\"article\" \/>\n<meta property=\"og:title\" content=\"Produkty - Nowalijka\" \/>\n<meta property=\"og:description\" content=\"Dystrybucja warzyw - uprawa, produkcja dystrybucja warzyw, zi\u00f3\u0142, mix\u00f3w sa\u0142at, da\u0144 warzywnych i da\u0144 gotowych, w tym zup i lunch box\u00f3w\" \/>\n<meta property=\"og:url\" content=\"https:\/\/nowalijka.pl\/en\/dystrybucja-warzyw\/\" \/>\n<meta property=\"og:site_name\" content=\"Nowalijka\" \/>\n<meta property=\"article:publisher\" content=\"https:\/\/www.facebook.com\/Nowalijkapl\" \/>\n<meta property=\"article:modified_time\" content=\"2025-12-22T13:38:10+00:00\" \/>\n<meta property=\"og:image\" content=\"https:\/\/nowalijka.pl\/wp-content\/uploads\/2022\/10\/header_lp-1.webp\" \/>\n\t<meta property=\"og:image:width\" content=\"1440\" \/>\n\t<meta property=\"og:image:height\" content=\"280\" \/>\n\t<meta property=\"og:image:type\" content=\"image\/webp\" \/>\n<meta name=\"twitter:card\" content=\"summary_large_image\" \/>\n<meta name=\"twitter:label1\" content=\"Est. reading time\" \/>\n\t<meta name=\"twitter:data1\" content=\"1 minute\" \/>\n<script type=\"application\/ld+json\" class=\"yoast-schema-graph\">{\"@context\":\"https:\/\/schema.org\",\"@graph\":[{\"@type\":\"WebPage\",\"@id\":\"https:\/\/nowalijka.pl\/dystrybucja-warzyw\/\",\"url\":\"https:\/\/nowalijka.pl\/dystrybucja-warzyw\/\",\"name\":\"Produkty - Nowalijka\",\"isPartOf\":{\"@id\":\"https:\/\/nowalijka.pl\/#website\"},\"primaryImageOfPage\":{\"@id\":\"https:\/\/nowalijka.pl\/dystrybucja-warzyw\/#primaryimage\"},\"image\":{\"@id\":\"https:\/\/nowalijka.pl\/dystrybucja-warzyw\/#primaryimage\"},\"thumbnailUrl\":\"https:\/\/nowalijka.pl\/wp-content\/uploads\/2022\/10\/header_lp-1.webp\",\"datePublished\":\"2022-09-13T20:37:20+00:00\",\"dateModified\":\"2025-12-22T13:38:10+00:00\",\"description\":\"Dystrybucja warzyw - uprawa, produkcja dystrybucja warzyw, zi\u00f3\u0142, mix\u00f3w sa\u0142at, da\u0144 warzywnych i da\u0144 gotowych, w tym zup i lunch box\u00f3w\",\"breadcrumb\":{\"@id\":\"https:\/\/nowalijka.pl\/dystrybucja-warzyw\/#breadcrumb\"},\"inLanguage\":\"en-US\",\"potentialAction\":[{\"@type\":\"ReadAction\",\"target\":[\"https:\/\/nowalijka.pl\/dystrybucja-warzyw\/\"]}]},{\"@type\":\"ImageObject\",\"inLanguage\":\"en-US\",\"@id\":\"https:\/\/nowalijka.pl\/dystrybucja-warzyw\/#primaryimage\",\"url\":\"https:\/\/nowalijka.pl\/wp-content\/uploads\/2022\/10\/header_lp-1.webp\",\"contentUrl\":\"https:\/\/nowalijka.pl\/wp-content\/uploads\/2022\/10\/header_lp-1.webp\",\"width\":1440,\"height\":280},{\"@type\":\"BreadcrumbList\",\"@id\":\"https:\/\/nowalijka.pl\/dystrybucja-warzyw\/#breadcrumb\",\"itemListElement\":[{\"@type\":\"ListItem\",\"position\":1,\"name\":\"Strona g\u0142\u00f3wna\",\"item\":\"https:\/\/nowalijka.pl\/nl\/\"},{\"@type\":\"ListItem\",\"position\":2,\"name\":\"Produkty\"}]},{\"@type\":\"WebSite\",\"@id\":\"https:\/\/nowalijka.pl\/#website\",\"url\":\"https:\/\/nowalijka.pl\/\",\"name\":\"Nowalijka\",\"description\":\"Produkcja i dystrybucja warzyw\",\"publisher\":{\"@id\":\"https:\/\/nowalijka.pl\/#organization\"},\"potentialAction\":[{\"@type\":\"SearchAction\",\"target\":{\"@type\":\"EntryPoint\",\"urlTemplate\":\"https:\/\/nowalijka.pl\/?s={search_term_string}\"},\"query-input\":{\"@type\":\"PropertyValueSpecification\",\"valueRequired\":true,\"valueName\":\"search_term_string\"}}],\"inLanguage\":\"en-US\"},{\"@type\":\"Organization\",\"@id\":\"https:\/\/nowalijka.pl\/#organization\",\"name\":\"Nowalijka\",\"url\":\"https:\/\/nowalijka.pl\/\",\"logo\":{\"@type\":\"ImageObject\",\"inLanguage\":\"en-US\",\"@id\":\"https:\/\/nowalijka.pl\/#\/schema\/logo\/image\/\",\"url\":\"https:\/\/nowalijka.pl\/wp-content\/uploads\/2022\/09\/nowalijka_logo.svg\",\"contentUrl\":\"https:\/\/nowalijka.pl\/wp-content\/uploads\/2022\/09\/nowalijka_logo.svg\",\"width\":251,\"height\":71,\"caption\":\"Nowalijka\"},\"image\":{\"@id\":\"https:\/\/nowalijka.pl\/#\/schema\/logo\/image\/\"},\"sameAs\":[\"https:\/\/www.facebook.com\/Nowalijkapl\",\"https:\/\/www.instagram.com\/nowalijkapl\/\",\"https:\/\/www.linkedin.com\/\"]}]}<\/script>\n<!-- \/ Yoast SEO plugin. -->","yoast_head_json":{"title":"Produkty - Nowalijka","description":"Dystrybucja warzyw - uprawa, produkcja dystrybucja warzyw, zi\u00f3\u0142, mix\u00f3w sa\u0142at, da\u0144 warzywnych i da\u0144 gotowych, w tym zup i lunch box\u00f3w","robots":{"index":"index","follow":"follow","max-snippet":"max-snippet:-1","max-image-preview":"max-image-preview:large","max-video-preview":"max-video-preview:-1"},"canonical":"https:\/\/nowalijka.pl\/en\/dystrybucja-warzyw\/","og_locale":"en_US","og_type":"article","og_title":"Produkty - Nowalijka","og_description":"[:pl]Dystrybucja warzyw - uprawa, produkcja dystrybucja warzyw, zi\u00f3\u0142, mix\u00f3w sa\u0142at, da\u0144 warzywnych i da\u0144 gotowych, w tym zup i lunch box\u00f3w[:]","og_url":"https:\/\/nowalijka.pl\/en\/dystrybucja-warzyw\/","og_site_name":"Nowalijka","article_publisher":"https:\/\/www.facebook.com\/Nowalijkapl","article_modified_time":"2025-12-22T13:38:10+00:00","og_image":[{"width":1440,"height":280,"url":"https:\/\/nowalijka.pl\/wp-content\/uploads\/2022\/10\/header_lp-1.webp","type":"image\/webp"}],"twitter_card":"summary_large_image","twitter_misc":{"Est. reading time":"1 minute"},"schema":{"@context":"https:\/\/schema.org","@graph":[{"@type":"WebPage","@id":"https:\/\/nowalijka.pl\/dystrybucja-warzyw\/","url":"https:\/\/nowalijka.pl\/dystrybucja-warzyw\/","name":"Produkty - Nowalijka","isPartOf":{"@id":"https:\/\/nowalijka.pl\/#website"},"primaryImageOfPage":{"@id":"https:\/\/nowalijka.pl\/dystrybucja-warzyw\/#primaryimage"},"image":{"@id":"https:\/\/nowalijka.pl\/dystrybucja-warzyw\/#primaryimage"},"thumbnailUrl":"https:\/\/nowalijka.pl\/wp-content\/uploads\/2022\/10\/header_lp-1.webp","datePublished":"2022-09-13T20:37:20+00:00","dateModified":"2025-12-22T13:38:10+00:00","description":"Dystrybucja warzyw - uprawa, produkcja dystrybucja warzyw, zi\u00f3\u0142, mix\u00f3w sa\u0142at, da\u0144 warzywnych i da\u0144 gotowych, w tym zup i lunch box\u00f3w","breadcrumb":{"@id":"https:\/\/nowalijka.pl\/dystrybucja-warzyw\/#breadcrumb"},"inLanguage":"en-US","potentialAction":[{"@type":"ReadAction","target":["https:\/\/nowalijka.pl\/dystrybucja-warzyw\/"]}]},{"@type":"ImageObject","inLanguage":"en-US","@id":"https:\/\/nowalijka.pl\/dystrybucja-warzyw\/#primaryimage","url":"https:\/\/nowalijka.pl\/wp-content\/uploads\/2022\/10\/header_lp-1.webp","contentUrl":"https:\/\/nowalijka.pl\/wp-content\/uploads\/2022\/10\/header_lp-1.webp","width":1440,"height":280},{"@type":"BreadcrumbList","@id":"https:\/\/nowalijka.pl\/dystrybucja-warzyw\/#breadcrumb","itemListElement":[{"@type":"ListItem","position":1,"name":"Strona g\u0142\u00f3wna","item":"https:\/\/nowalijka.pl\/nl\/"},{"@type":"ListItem","position":2,"name":"Produkty"}]},{"@type":"WebSite","@id":"https:\/\/nowalijka.pl\/#website","url":"https:\/\/nowalijka.pl\/","name":"Nowalijka","description":"Produkcja i dystrybucja warzyw","publisher":{"@id":"https:\/\/nowalijka.pl\/#organization"},"potentialAction":[{"@type":"SearchAction","target":{"@type":"EntryPoint","urlTemplate":"https:\/\/nowalijka.pl\/?s={search_term_string}"},"query-input":{"@type":"PropertyValueSpecification","valueRequired":true,"valueName":"search_term_string"}}],"inLanguage":"en-US"},{"@type":"Organization","@id":"https:\/\/nowalijka.pl\/#organization","name":"Nowalijka","url":"https:\/\/nowalijka.pl\/","logo":{"@type":"ImageObject","inLanguage":"en-US","@id":"https:\/\/nowalijka.pl\/#\/schema\/logo\/image\/","url":"https:\/\/nowalijka.pl\/wp-content\/uploads\/2022\/09\/nowalijka_logo.svg","contentUrl":"https:\/\/nowalijka.pl\/wp-content\/uploads\/2022\/09\/nowalijka_logo.svg","width":251,"height":71,"caption":"Nowalijka"},"image":{"@id":"https:\/\/nowalijka.pl\/#\/schema\/logo\/image\/"},"sameAs":["https:\/\/www.facebook.com\/Nowalijkapl","https:\/\/www.instagram.com\/nowalijkapl\/","https:\/\/www.linkedin.com\/"]}]}},"_links":{"self":[{"href":"https:\/\/nowalijka.pl\/en\/wp-json\/wp\/v2\/pages\/49"}],"collection":[{"href":"https:\/\/nowalijka.pl\/en\/wp-json\/wp\/v2\/pages"}],"about":[{"href":"https:\/\/nowalijka.pl\/en\/wp-json\/wp\/v2\/types\/page"}],"author":[{"embeddable":true,"href":"https:\/\/nowalijka.pl\/en\/wp-json\/wp\/v2\/users\/7"}],"replies":[{"embeddable":true,"href":"https:\/\/nowalijka.pl\/en\/wp-json\/wp\/v2\/comments?post=49"}],"version-history":[{"count":43,"href":"https:\/\/nowalijka.pl\/en\/wp-json\/wp\/v2\/pages\/49\/revisions"}],"predecessor-version":[{"id":5603,"href":"https:\/\/nowalijka.pl\/en\/wp-json\/wp\/v2\/pages\/49\/revisions\/5603"}],"wp:featuredmedia":[{"embeddable":true,"href":"https:\/\/nowalijka.pl\/en\/wp-json\/wp\/v2\/media\/2103"}],"wp:attachment":[{"href":"https:\/\/nowalijka.pl\/en\/wp-json\/wp\/v2\/media?parent=49"}],"curies":[{"name":"wp","href":"https:\/\/api.w.org\/{rel}","templated":true}]}}