{"id":114,"date":"2022-09-14T09:05:06","date_gmt":"2022-09-14T09:05:06","guid":{"rendered":"https:\/\/nowalijka.pl\/?page_id=114"},"modified":"2025-06-04T09:27:14","modified_gmt":"2025-06-04T09:27:14","slug":"lunchboxy","status":"publish","type":"page","link":"https:\/\/nowalijka.pl\/nl\/dystrybucja-warzyw\/lunchboxy\/","title":{"rendered":"Lunchboxy"},"content":{"rendered":"<style>#jtg-4343 .modula-item .jtg-social a, .lightbox-socials.jtg-social a{ fill: #ffffff; color: #ffffff }#jtg-4343 .modula-item .jtg-social-mobile a{ fill: #ffffff; color: #ffffff }#jtg-4343 .modula-item .jtg-social svg, .lightbox-socials.jtg-social svg { height: 16px; width: 16px }#jtg-4343 .modula-item .jtg-social-mobile svg { height: 16px; width: 16px }#jtg-4343 .modula-item .jtg-social a:not(:last-child), .lightbox-socials.jtg-social a:not(:last-child) { margin-right: 10px }#jtg-4343 .modula-item .jtg-social-mobile .jtg-social-mobile-icons a:not(:last-child){ margin-right: 10px }#jtg-4343 .modula-item .figc {color:#ffffff;}#jtg-4343 .modula-item .modula-item-content { transform: scale(1) }#jtg-4343 { width:100%;}#jtg-4343 .modula-items .figc p.description { font-size:14px; }#jtg-4343 .modula-items .figc p.description { color:#ffffff;}#jtg-4343 .modula-items .figc .jtg-title { color:#898989; }#jtg-4343.modula-gallery .modula-item > a, #jtg-4343.modula-gallery .modula-item, #jtg-4343.modula-gallery .modula-item-content > a:not(.modula-no-follow) { cursor:zoom-in; } #jtg-4343.modula-gallery .modula-item-content .modula-no-follow { cursor: default; } @media screen and (max-width:480px){#jtg-4343 .modula-item .figc .jtg-title {  font-size: 12px; }#jtg-4343 .modula-items .figc p.description { color:#ffffff;font-size:14px; }}<\/style>\n<div  id=\"jtg-4343\" class=\"modula modula-gallery modula-columns\" data-config=\"{&quot;tabletHeight&quot;:800,&quot;mobileHeight&quot;:800,&quot;desktopHeight&quot;:800,&quot;enableTwitter&quot;:false,&quot;enableWhatsapp&quot;:false,&quot;enableFacebook&quot;:false,&quot;enablePinterest&quot;:false,&quot;enableLinkedin&quot;:false,&quot;enableEmail&quot;:false,&quot;randomFactor&quot;:0.5,&quot;type&quot;:&quot;grid&quot;,&quot;columns&quot;:12,&quot;gutter&quot;:32,&quot;mobileGutter&quot;:16,&quot;tabletGutter&quot;:16,&quot;desktopGutter&quot;:32,&quot;enableResponsive&quot;:&quot;1&quot;,&quot;tabletColumns&quot;:&quot;2&quot;,&quot;mobileColumns&quot;:&quot;1&quot;,&quot;lazyLoad&quot;:&quot;1&quot;,&quot;lightboxOpts&quot;:{&quot;animated&quot;:true,&quot;Thumbs&quot;:{&quot;type&quot;:&quot;modern&quot;,&quot;showOnStart&quot;:false},&quot;Toolbar&quot;:{&quot;display&quot;:{&quot;right&quot;:[&quot;close&quot;]},&quot;enabled&quot;:true},&quot;Carousel&quot;:{&quot;Panzoom&quot;:{&quot;touch&quot;:false},&quot;infinite&quot;:false},&quot;keyboard&quot;:{&quot;Escape&quot;:&quot;close&quot;,&quot;Delete&quot;:&quot;close&quot;,&quot;Backspace&quot;:&quot;close&quot;,&quot;PageUp&quot;:false,&quot;PageDown&quot;:false,&quot;ArrowUp&quot;:false,&quot;ArrowDown&quot;:false,&quot;ArrowRight&quot;:false,&quot;ArrowLeft&quot;:false},&quot;touch&quot;:false,&quot;backdropClick&quot;:false,&quot;l10n&quot;:{&quot;CLOSE&quot;:&quot;Sluiten&quot;,&quot;NEXT&quot;:&quot;Volgende&quot;,&quot;PREV&quot;:&quot;Vorige&quot;,&quot;Error&quot;:&quot;De gevraagde inhoud kan niet worden geladen. Probeer het later opnieuw.&quot;,&quot;PLAY_START&quot;:&quot;Start slideshow&quot;,&quot;PLAY_STOP&quot;:&quot;Slideshow pauzeren&quot;,&quot;FULL_SCREEN&quot;:&quot;Volledig scherm&quot;,&quot;THUMBS&quot;:&quot;Thumbnails&quot;,&quot;DOWNLOAD&quot;:&quot;Downloaden&quot;,&quot;SHARE&quot;:&quot;Delen&quot;,&quot;ZOOM&quot;:&quot;Zoom&quot;,&quot;EMAIL&quot;:&quot;Here is the link to the image : %%image_link%% and this is the link to the gallery : %%gallery_link%%&quot;,&quot;MODAL&quot;:&quot;Je kunt deze modale inhoud sluiten met de ESC sleutel&quot;,&quot;ERROR&quot;:&quot;Er is iets misgegaan, probeer het later nog eens&quot;,&quot;IMAGE_ERROR&quot;:&quot;Afbeelding niet gevonden&quot;,&quot;ELEMENT_NOT_FOUND&quot;:&quot;HTML element niet gevonden&quot;,&quot;AJAX_NOT_FOUND&quot;:&quot;Fout bij het laden van Ajax: niet gevonden&quot;,&quot;AJAX_FORBIDDEN&quot;:&quot;Fout bij laden Ajax: verboden&quot;,&quot;IFRAME_ERROR&quot;:&quot;Fout bij het laden van de pagina&quot;,&quot;TOGGLE_ZOOM&quot;:&quot;Toggle zoomniveau&quot;,&quot;TOGGLE_THUMBS&quot;:&quot;Toggle thumbnails&quot;,&quot;TOGGLE_SLIDESHOW&quot;:&quot;Toggle slideshow&quot;,&quot;TOGGLE_FULLSCREEN&quot;:&quot;Toggle modus volledig scherm&quot;},&quot;Images&quot;:{&quot;Panzoom&quot;:{&quot;maxScale&quot;:2}},&quot;mainClass&quot;:&quot;modula-fancybox-container modula-lightbox-jtg-4343&quot;,&quot;Html&quot;:{&quot;videoAutoplay&quot;:0,&quot;videoTpl&quot;:&quot;&lt;video class=\\&quot;fancybox__html5video\\&quot; controls muted playsinline controlsList controlsList=\\&quot;nodownload\\&quot; poster=\\&quot;{{poster}}\\&quot; src=\\&quot;{{src}}\\&quot; type=\\&quot;{{format}}\\&quot; &gt;  Sorry, your browser doesn&#039;t support embedded videos, &lt;a href=\\&quot;{{src}}\\&quot;&gt; download &lt;\\\/a&gt; and watch with your favorite video player! &lt;\\\/video&gt;&quot;}},&quot;inView&quot;:false,&quot;email_subject&quot;:&quot;Sprawd\\u017a ten niesamowity obrazek!&quot;,&quot;email_message&quot;:&quot;Oto odno\\u015bnik do obrazku: %%image_link%%, a to odno\\u015bnik do galerii: %%gallery_link%%&quot;,&quot;grid_type&quot;:&quot;automatic&quot;,&quot;rowHeight&quot;:400,&quot;lastRow&quot;:&quot;center&quot;,&quot;lightbox&quot;:&quot;fancybox&quot;}\">\n\n\t\n\t<div  class=\"modula-items grid-gallery\">\n\t\t<div class=\"modula-item effect-pufrobo\" >\n\t<div class=\"modula-item-overlay\"><\/div>\n\n\t<div class=\"modula-item-content\">\n\n\t\t\t\t\n\t\t\t\t\t<a data-image-id=\"4345\" tabindex=\"0\" rel=\"jtg-4343\" data-caption=\"\" aria-label=\"Afbeelding openen in lightbox\" role=\"button\" class=\"tile-inner modula-item-link\"><\/a>\n\t\t\n\t\t<img class=\"pic wp-image-4345 lazyload\"  data-valign=\"middle\" data-halign=\"center\" alt=\"\" data-full=\"https:\/\/nowalijka.pl\/wp-content\/uploads\/2022\/11\/DANIA-GOTOWE.webp\" title=\"DANIA GOTOWE\" width=\"480\" height=\"480\" data-src=\"https:\/\/nowalijka.pl\/wp-content\/uploads\/2022\/11\/DANIA-GOTOWE.webp\" data-caption=\"\" data-source=\"modula\" data-srcset=\"https:\/\/nowalijka.pl\/wp-content\/uploads\/2022\/11\/DANIA-GOTOWE.webp 480w, https:\/\/nowalijka.pl\/wp-content\/uploads\/2022\/11\/DANIA-GOTOWE-150x150.webp 150w, https:\/\/nowalijka.pl\/wp-content\/uploads\/2022\/11\/DANIA-GOTOWE-400x400.webp 400w, https:\/\/nowalijka.pl\/wp-content\/uploads\/2022\/11\/DANIA-GOTOWE-200x200.webp 200w, https:\/\/nowalijka.pl\/wp-content\/uploads\/2022\/11\/DANIA-GOTOWE-24x24.webp 24w, https:\/\/nowalijka.pl\/wp-content\/uploads\/2022\/11\/DANIA-GOTOWE-36x36.webp 36w, https:\/\/nowalijka.pl\/wp-content\/uploads\/2022\/11\/DANIA-GOTOWE-116x116.webp 116w\" data-sizes=\"(max-width: 480px) 100vw, 480px\" \/>\n\t\t<div class=\"figc no-description\">\n\t\t\t<div class=\"figc-inner\">\n\t\t\t\t\t\t\t\t\t\t\t\t\t\t\t<\/div>\n\t\t<\/div>\n\n\t<\/div>\n\n<\/div><div class=\"modula-item effect-pufrobo\" >\n\t<div class=\"modula-item-overlay\"><\/div>\n\n\t<div class=\"modula-item-content\">\n\n\t\t\t\t\n\t\t\t\t\t<a data-image-id=\"4344\" tabindex=\"0\" rel=\"jtg-4343\" data-caption=\"\" aria-label=\"Afbeelding openen in lightbox\" role=\"button\" class=\"tile-inner modula-item-link\"><\/a>\n\t\t\n\t\t<img class=\"pic wp-image-4344 lazyload\"  data-valign=\"middle\" data-halign=\"center\" alt=\"\" data-full=\"https:\/\/nowalijka.pl\/wp-content\/uploads\/2022\/11\/NOWE-PRODUKTY2-1.webp\" title=\"NOWE PRODUKTY2\" width=\"600\" height=\"600\" data-src=\"https:\/\/nowalijka.pl\/wp-content\/uploads\/2022\/11\/NOWE-PRODUKTY2-1-600x600.webp\" data-caption=\"\" data-source=\"modula\" data-srcset=\"https:\/\/nowalijka.pl\/wp-content\/uploads\/2022\/11\/NOWE-PRODUKTY2-1.webp 2560w, https:\/\/nowalijka.pl\/wp-content\/uploads\/2022\/11\/NOWE-PRODUKTY2-1-500x500.webp 500w, https:\/\/nowalijka.pl\/wp-content\/uploads\/2022\/11\/NOWE-PRODUKTY2-1-1024x1024.webp 1024w, https:\/\/nowalijka.pl\/wp-content\/uploads\/2022\/11\/NOWE-PRODUKTY2-1-150x150.webp 150w, https:\/\/nowalijka.pl\/wp-content\/uploads\/2022\/11\/NOWE-PRODUKTY2-1-768x768.webp 768w, https:\/\/nowalijka.pl\/wp-content\/uploads\/2022\/11\/NOWE-PRODUKTY2-1-1536x1536.webp 1536w, https:\/\/nowalijka.pl\/wp-content\/uploads\/2022\/11\/NOWE-PRODUKTY2-1-2048x2048.webp 2048w, https:\/\/nowalijka.pl\/wp-content\/uploads\/2022\/11\/NOWE-PRODUKTY2-1-600x600.webp 600w, https:\/\/nowalijka.pl\/wp-content\/uploads\/2022\/11\/NOWE-PRODUKTY2-1-1200x1200.webp 1200w, https:\/\/nowalijka.pl\/wp-content\/uploads\/2022\/11\/NOWE-PRODUKTY2-1-900x900.webp 900w, https:\/\/nowalijka.pl\/wp-content\/uploads\/2022\/11\/NOWE-PRODUKTY2-1-400x400.webp 400w, https:\/\/nowalijka.pl\/wp-content\/uploads\/2022\/11\/NOWE-PRODUKTY2-1-200x200.webp 200w, https:\/\/nowalijka.pl\/wp-content\/uploads\/2022\/11\/NOWE-PRODUKTY2-1-24x24.webp 24w, https:\/\/nowalijka.pl\/wp-content\/uploads\/2022\/11\/NOWE-PRODUKTY2-1-36x36.webp 36w, https:\/\/nowalijka.pl\/wp-content\/uploads\/2022\/11\/NOWE-PRODUKTY2-1-116x116.webp 116w\" data-sizes=\"(max-width: 600px) 100vw, 600px\" \/>\n\t\t<div class=\"figc no-description\">\n\t\t\t<div class=\"figc-inner\">\n\t\t\t\t\t\t\t\t\t\t\t\t\t\t\t<\/div>\n\t\t<\/div>\n\n\t<\/div>\n\n<\/div><div class=\"modula-item effect-pufrobo\" >\n\t<div class=\"modula-item-overlay\"><\/div>\n\n\t<div class=\"modula-item-content\">\n\n\t\t\t\t\n\t\t\t\t\t<a data-image-id=\"4346\" tabindex=\"0\" rel=\"jtg-4343\" data-caption=\"\" aria-label=\"Afbeelding openen in lightbox\" role=\"button\" class=\"tile-inner modula-item-link\"><\/a>\n\t\t\n\t\t<img class=\"pic wp-image-4346 lazyload\"  data-valign=\"middle\" data-halign=\"center\" alt=\"\" data-full=\"https:\/\/nowalijka.pl\/wp-content\/uploads\/2022\/11\/NOWE-PRODUKTY3-2.webp\" title=\"NOWE PRODUKTY3\" width=\"600\" height=\"600\" data-src=\"https:\/\/nowalijka.pl\/wp-content\/uploads\/2022\/11\/NOWE-PRODUKTY3-2-600x600.webp\" data-caption=\"\" data-source=\"modula\" data-srcset=\"https:\/\/nowalijka.pl\/wp-content\/uploads\/2022\/11\/NOWE-PRODUKTY3-2.webp 2560w, https:\/\/nowalijka.pl\/wp-content\/uploads\/2022\/11\/NOWE-PRODUKTY3-2-500x500.webp 500w, https:\/\/nowalijka.pl\/wp-content\/uploads\/2022\/11\/NOWE-PRODUKTY3-2-1024x1024.webp 1024w, https:\/\/nowalijka.pl\/wp-content\/uploads\/2022\/11\/NOWE-PRODUKTY3-2-150x150.webp 150w, https:\/\/nowalijka.pl\/wp-content\/uploads\/2022\/11\/NOWE-PRODUKTY3-2-768x768.webp 768w, https:\/\/nowalijka.pl\/wp-content\/uploads\/2022\/11\/NOWE-PRODUKTY3-2-1536x1536.webp 1536w, https:\/\/nowalijka.pl\/wp-content\/uploads\/2022\/11\/NOWE-PRODUKTY3-2-2048x2048.webp 2048w, https:\/\/nowalijka.pl\/wp-content\/uploads\/2022\/11\/NOWE-PRODUKTY3-2-600x600.webp 600w, https:\/\/nowalijka.pl\/wp-content\/uploads\/2022\/11\/NOWE-PRODUKTY3-2-1200x1200.webp 1200w, https:\/\/nowalijka.pl\/wp-content\/uploads\/2022\/11\/NOWE-PRODUKTY3-2-900x900.webp 900w, https:\/\/nowalijka.pl\/wp-content\/uploads\/2022\/11\/NOWE-PRODUKTY3-2-400x400.webp 400w, https:\/\/nowalijka.pl\/wp-content\/uploads\/2022\/11\/NOWE-PRODUKTY3-2-200x200.webp 200w, https:\/\/nowalijka.pl\/wp-content\/uploads\/2022\/11\/NOWE-PRODUKTY3-2-24x24.webp 24w, https:\/\/nowalijka.pl\/wp-content\/uploads\/2022\/11\/NOWE-PRODUKTY3-2-36x36.webp 36w, https:\/\/nowalijka.pl\/wp-content\/uploads\/2022\/11\/NOWE-PRODUKTY3-2-116x116.webp 116w\" data-sizes=\"(max-width: 600px) 100vw, 600px\" \/>\n\t\t<div class=\"figc no-description\">\n\t\t\t<div class=\"figc-inner\">\n\t\t\t\t\t\t\t\t\t\t\t\t\t\t\t<\/div>\n\t\t<\/div>\n\n\t<\/div>\n\n<\/div>\t\t\n\t<\/div>\n\n\t\n\t\n\t<script type=\"application\/ld+json\">\n\t{\n\t\t\"@context\": \"http:\/\/schema.org\",\n\t\t\"@type\"   : \"ImageGallery\",\n\t\t\"id\"      : \"https:\/\/nowalijka.pl\/nl\/dystrybucja-warzyw\/lunchboxy\/\",\n\t\t\"url\"     : \"https:\/\/nowalijka.pl\/nl\/dystrybucja-warzyw\/lunchboxy\/\"\n\t}\n\n\t<\/script>\n\n\t\n<\/div>\n","protected":false},"excerpt":{"rendered":"","protected":false},"author":7,"featured_media":1009,"parent":49,"menu_order":0,"comment_status":"closed","ping_status":"closed","template":"page-product-single.php","meta":{"_acf_changed":false,"om_disable_all_campaigns":false,"inline_featured_image":false,"_monsterinsights_skip_tracking":false,"_monsterinsights_sitenote_active":false,"_monsterinsights_sitenote_note":"","_monsterinsights_sitenote_category":0,"footnotes":""},"acf":[],"yoast_head":"<!-- This site is optimized with the Yoast SEO plugin v23.5 - https:\/\/yoast.com\/wordpress\/plugins\/seo\/ -->\n<title>Lunchboxy - Nowalijka<\/title>\n<meta name=\"description\" content=\"Lunchboxy Z Natury - lekkostrawny posi\u0142ek skomponowany z idealnie dobranych sk\u0142adnik\u00f3w, doskona\u0142y do szko\u0142y, pracy czy w domu\" \/>\n<meta name=\"robots\" content=\"index, follow, max-snippet:-1, max-image-preview:large, max-video-preview:-1\" \/>\n<link rel=\"canonical\" href=\"https:\/\/nowalijka.pl\/nl\/dystrybucja-warzyw\/lunchboxy\/\" \/>\n<meta property=\"og:locale\" content=\"nl_NL\" \/>\n<meta property=\"og:locale:alternate\" content=\"pl_PL\" \/>\n<meta property=\"og:locale:alternate\" content=\"en_US\" \/>\n<meta property=\"og:locale:alternate\" content=\"de_DE\" \/>\n<meta property=\"og:type\" content=\"article\" \/>\n<meta property=\"og:title\" content=\"Lunchboxy - Nowalijka\" \/>\n<meta property=\"og:description\" content=\"Lunchboxy Z Natury - lekkostrawny posi\u0142ek skomponowany z idealnie dobranych sk\u0142adnik\u00f3w, doskona\u0142y do szko\u0142y, pracy czy w domu\" \/>\n<meta property=\"og:url\" content=\"https:\/\/nowalijka.pl\/nl\/dystrybucja-warzyw\/lunchboxy\/\" \/>\n<meta property=\"og:site_name\" content=\"Nowalijka\" \/>\n<meta property=\"article:publisher\" content=\"https:\/\/www.facebook.com\/Nowalijkapl\" \/>\n<meta property=\"article:modified_time\" content=\"2025-06-04T09:27:14+00:00\" \/>\n<meta name=\"twitter:card\" content=\"summary_large_image\" \/>\n<meta name=\"twitter:label1\" content=\"Geschatte leestijd\" \/>\n\t<meta name=\"twitter:data1\" content=\"1 minuut\" \/>\n<script type=\"application\/ld+json\" class=\"yoast-schema-graph\">{\"@context\":\"https:\/\/schema.org\",\"@graph\":[{\"@type\":\"WebPage\",\"@id\":\"https:\/\/nowalijka.pl\/dystrybucja-warzyw\/lunchboxy\/\",\"url\":\"https:\/\/nowalijka.pl\/dystrybucja-warzyw\/lunchboxy\/\",\"name\":\"Lunchboxy - Nowalijka\",\"isPartOf\":{\"@id\":\"https:\/\/nowalijka.pl\/#website\"},\"primaryImageOfPage\":{\"@id\":\"https:\/\/nowalijka.pl\/dystrybucja-warzyw\/lunchboxy\/#primaryimage\"},\"image\":{\"@id\":\"https:\/\/nowalijka.pl\/dystrybucja-warzyw\/lunchboxy\/#primaryimage\"},\"thumbnailUrl\":\"https:\/\/nowalijka.pl\/wp-content\/uploads\/2022\/10\/PLAMKI-NOWALIJKA_Obszar-roboczy-1_Obszar-roboczy-1.svg\",\"datePublished\":\"2022-09-14T09:05:06+00:00\",\"dateModified\":\"2025-06-04T09:27:14+00:00\",\"description\":\"Lunchboxy Z Natury - lekkostrawny posi\u0142ek skomponowany z idealnie dobranych sk\u0142adnik\u00f3w, doskona\u0142y do szko\u0142y, pracy czy w domu\",\"breadcrumb\":{\"@id\":\"https:\/\/nowalijka.pl\/dystrybucja-warzyw\/lunchboxy\/#breadcrumb\"},\"inLanguage\":\"nl-NL\",\"potentialAction\":[{\"@type\":\"ReadAction\",\"target\":[\"https:\/\/nowalijka.pl\/dystrybucja-warzyw\/lunchboxy\/\"]}]},{\"@type\":\"ImageObject\",\"inLanguage\":\"nl-NL\",\"@id\":\"https:\/\/nowalijka.pl\/dystrybucja-warzyw\/lunchboxy\/#primaryimage\",\"url\":\"https:\/\/nowalijka.pl\/wp-content\/uploads\/2022\/10\/PLAMKI-NOWALIJKA_Obszar-roboczy-1_Obszar-roboczy-1.svg\",\"contentUrl\":\"https:\/\/nowalijka.pl\/wp-content\/uploads\/2022\/10\/PLAMKI-NOWALIJKA_Obszar-roboczy-1_Obszar-roboczy-1.svg\"},{\"@type\":\"BreadcrumbList\",\"@id\":\"https:\/\/nowalijka.pl\/dystrybucja-warzyw\/lunchboxy\/#breadcrumb\",\"itemListElement\":[{\"@type\":\"ListItem\",\"position\":1,\"name\":\"Strona g\u0142\u00f3wna\",\"item\":\"https:\/\/nowalijka.pl\/nl\/\"},{\"@type\":\"ListItem\",\"position\":2,\"name\":\"Produkty\",\"item\":\"https:\/\/nowalijka.pl\/dystrybucja-warzyw\/\"},{\"@type\":\"ListItem\",\"position\":3,\"name\":\"Lunchboxy\"}]},{\"@type\":\"WebSite\",\"@id\":\"https:\/\/nowalijka.pl\/#website\",\"url\":\"https:\/\/nowalijka.pl\/\",\"name\":\"Nowalijka\",\"description\":\"Produkcja i dystrybucja warzyw\",\"publisher\":{\"@id\":\"https:\/\/nowalijka.pl\/#organization\"},\"potentialAction\":[{\"@type\":\"SearchAction\",\"target\":{\"@type\":\"EntryPoint\",\"urlTemplate\":\"https:\/\/nowalijka.pl\/?s={search_term_string}\"},\"query-input\":{\"@type\":\"PropertyValueSpecification\",\"valueRequired\":true,\"valueName\":\"search_term_string\"}}],\"inLanguage\":\"nl-NL\"},{\"@type\":\"Organization\",\"@id\":\"https:\/\/nowalijka.pl\/#organization\",\"name\":\"Nowalijka\",\"url\":\"https:\/\/nowalijka.pl\/\",\"logo\":{\"@type\":\"ImageObject\",\"inLanguage\":\"nl-NL\",\"@id\":\"https:\/\/nowalijka.pl\/#\/schema\/logo\/image\/\",\"url\":\"https:\/\/nowalijka.pl\/wp-content\/uploads\/2022\/09\/nowalijka_logo.svg\",\"contentUrl\":\"https:\/\/nowalijka.pl\/wp-content\/uploads\/2022\/09\/nowalijka_logo.svg\",\"width\":251,\"height\":71,\"caption\":\"Nowalijka\"},\"image\":{\"@id\":\"https:\/\/nowalijka.pl\/#\/schema\/logo\/image\/\"},\"sameAs\":[\"https:\/\/www.facebook.com\/Nowalijkapl\",\"https:\/\/www.instagram.com\/nowalijkapl\/\",\"https:\/\/www.linkedin.com\/\"]}]}<\/script>\n<!-- \/ Yoast SEO plugin. -->","yoast_head_json":{"title":"Lunchboxy - Nowalijka","description":"Lunchboxy Z Natury - lekkostrawny posi\u0142ek skomponowany z idealnie dobranych sk\u0142adnik\u00f3w, doskona\u0142y do szko\u0142y, pracy czy w domu","robots":{"index":"index","follow":"follow","max-snippet":"max-snippet:-1","max-image-preview":"max-image-preview:large","max-video-preview":"max-video-preview:-1"},"canonical":"https:\/\/nowalijka.pl\/nl\/dystrybucja-warzyw\/lunchboxy\/","og_locale":"nl_NL","og_type":"article","og_title":"Lunchboxy - Nowalijka","og_description":"[:pl]Lunchboxy Z Natury - lekkostrawny posi\u0142ek skomponowany z idealnie dobranych sk\u0142adnik\u00f3w, doskona\u0142y do szko\u0142y, pracy czy w domu[:]","og_url":"https:\/\/nowalijka.pl\/nl\/dystrybucja-warzyw\/lunchboxy\/","og_site_name":"Nowalijka","article_publisher":"https:\/\/www.facebook.com\/Nowalijkapl","article_modified_time":"2025-06-04T09:27:14+00:00","twitter_card":"summary_large_image","twitter_misc":{"Geschatte leestijd":"1 minuut"},"schema":{"@context":"https:\/\/schema.org","@graph":[{"@type":"WebPage","@id":"https:\/\/nowalijka.pl\/dystrybucja-warzyw\/lunchboxy\/","url":"https:\/\/nowalijka.pl\/dystrybucja-warzyw\/lunchboxy\/","name":"Lunchboxy - Nowalijka","isPartOf":{"@id":"https:\/\/nowalijka.pl\/#website"},"primaryImageOfPage":{"@id":"https:\/\/nowalijka.pl\/dystrybucja-warzyw\/lunchboxy\/#primaryimage"},"image":{"@id":"https:\/\/nowalijka.pl\/dystrybucja-warzyw\/lunchboxy\/#primaryimage"},"thumbnailUrl":"https:\/\/nowalijka.pl\/wp-content\/uploads\/2022\/10\/PLAMKI-NOWALIJKA_Obszar-roboczy-1_Obszar-roboczy-1.svg","datePublished":"2022-09-14T09:05:06+00:00","dateModified":"2025-06-04T09:27:14+00:00","description":"Lunchboxy Z Natury - lekkostrawny posi\u0142ek skomponowany z idealnie dobranych sk\u0142adnik\u00f3w, doskona\u0142y do szko\u0142y, pracy czy w domu","breadcrumb":{"@id":"https:\/\/nowalijka.pl\/dystrybucja-warzyw\/lunchboxy\/#breadcrumb"},"inLanguage":"nl-NL","potentialAction":[{"@type":"ReadAction","target":["https:\/\/nowalijka.pl\/dystrybucja-warzyw\/lunchboxy\/"]}]},{"@type":"ImageObject","inLanguage":"nl-NL","@id":"https:\/\/nowalijka.pl\/dystrybucja-warzyw\/lunchboxy\/#primaryimage","url":"https:\/\/nowalijka.pl\/wp-content\/uploads\/2022\/10\/PLAMKI-NOWALIJKA_Obszar-roboczy-1_Obszar-roboczy-1.svg","contentUrl":"https:\/\/nowalijka.pl\/wp-content\/uploads\/2022\/10\/PLAMKI-NOWALIJKA_Obszar-roboczy-1_Obszar-roboczy-1.svg"},{"@type":"BreadcrumbList","@id":"https:\/\/nowalijka.pl\/dystrybucja-warzyw\/lunchboxy\/#breadcrumb","itemListElement":[{"@type":"ListItem","position":1,"name":"Strona g\u0142\u00f3wna","item":"https:\/\/nowalijka.pl\/nl\/"},{"@type":"ListItem","position":2,"name":"Produkty","item":"https:\/\/nowalijka.pl\/dystrybucja-warzyw\/"},{"@type":"ListItem","position":3,"name":"Lunchboxy"}]},{"@type":"WebSite","@id":"https:\/\/nowalijka.pl\/#website","url":"https:\/\/nowalijka.pl\/","name":"Nowalijka","description":"Produkcja i dystrybucja warzyw","publisher":{"@id":"https:\/\/nowalijka.pl\/#organization"},"potentialAction":[{"@type":"SearchAction","target":{"@type":"EntryPoint","urlTemplate":"https:\/\/nowalijka.pl\/?s={search_term_string}"},"query-input":{"@type":"PropertyValueSpecification","valueRequired":true,"valueName":"search_term_string"}}],"inLanguage":"nl-NL"},{"@type":"Organization","@id":"https:\/\/nowalijka.pl\/#organization","name":"Nowalijka","url":"https:\/\/nowalijka.pl\/","logo":{"@type":"ImageObject","inLanguage":"nl-NL","@id":"https:\/\/nowalijka.pl\/#\/schema\/logo\/image\/","url":"https:\/\/nowalijka.pl\/wp-content\/uploads\/2022\/09\/nowalijka_logo.svg","contentUrl":"https:\/\/nowalijka.pl\/wp-content\/uploads\/2022\/09\/nowalijka_logo.svg","width":251,"height":71,"caption":"Nowalijka"},"image":{"@id":"https:\/\/nowalijka.pl\/#\/schema\/logo\/image\/"},"sameAs":["https:\/\/www.facebook.com\/Nowalijkapl","https:\/\/www.instagram.com\/nowalijkapl\/","https:\/\/www.linkedin.com\/"]}]}},"_links":{"self":[{"href":"https:\/\/nowalijka.pl\/nl\/wp-json\/wp\/v2\/pages\/114"}],"collection":[{"href":"https:\/\/nowalijka.pl\/nl\/wp-json\/wp\/v2\/pages"}],"about":[{"href":"https:\/\/nowalijka.pl\/nl\/wp-json\/wp\/v2\/types\/page"}],"author":[{"embeddable":true,"href":"https:\/\/nowalijka.pl\/nl\/wp-json\/wp\/v2\/users\/7"}],"replies":[{"embeddable":true,"href":"https:\/\/nowalijka.pl\/nl\/wp-json\/wp\/v2\/comments?post=114"}],"version-history":[{"count":55,"href":"https:\/\/nowalijka.pl\/nl\/wp-json\/wp\/v2\/pages\/114\/revisions"}],"predecessor-version":[{"id":5599,"href":"https:\/\/nowalijka.pl\/nl\/wp-json\/wp\/v2\/pages\/114\/revisions\/5599"}],"up":[{"embeddable":true,"href":"https:\/\/nowalijka.pl\/nl\/wp-json\/wp\/v2\/pages\/49"}],"wp:featuredmedia":[{"embeddable":true,"href":"https:\/\/nowalijka.pl\/nl\/wp-json\/wp\/v2\/media\/1009"}],"wp:attachment":[{"href":"https:\/\/nowalijka.pl\/nl\/wp-json\/wp\/v2\/media?parent=114"}],"curies":[{"name":"wp","href":"https:\/\/api.w.org\/{rel}","templated":true}]}}