{"id":45,"date":"2022-09-13T20:04:58","date_gmt":"2022-09-13T20:04:58","guid":{"rendered":"https:\/\/nowalijka.pl\/?page_id=45"},"modified":"2024-10-07T11:57:28","modified_gmt":"2024-10-07T11:57:28","slug":"produkcja-i-dystrybucja-warzyw","status":"publish","type":"page","link":"https:\/\/nowalijka.pl\/nl\/","title":{"rendered":"Nowalijka"},"content":{"rendered":"","protected":false},"excerpt":{"rendered":"","protected":false},"author":7,"featured_media":2103,"parent":0,"menu_order":0,"comment_status":"closed","ping_status":"closed","template":"page-home.php","meta":{"_acf_changed":false,"om_disable_all_campaigns":false,"inline_featured_image":false,"_monsterinsights_skip_tracking":false,"_monsterinsights_sitenote_active":false,"_monsterinsights_sitenote_note":"","_monsterinsights_sitenote_category":0,"footnotes":""},"acf":[],"yoast_head":"<!-- This site is optimized with the Yoast SEO plugin v23.5 - https:\/\/yoast.com\/wordpress\/plugins\/seo\/ -->\n<title>Produkcja i dystrybucja warzyw - Nowalijka - jako\u015b\u0107 na ka\u017cdym polu[:]<\/title>\n<meta name=\"description\" content=\"Nowalijka - od ziarenka do sklepowej p\u00f3\u0142ki - produkcja i dystrybucja warzyw i owoc\u00f3w na najwy\u017cszym poziomie\" \/>\n<meta name=\"robots\" content=\"index, follow, max-snippet:-1, max-image-preview:large, max-video-preview:-1\" \/>\n<link rel=\"canonical\" href=\"https:\/\/nowalijka.pl\/nl\/\" \/>\n<meta property=\"og:locale\" content=\"nl_NL\" \/>\n<meta property=\"og:locale:alternate\" content=\"pl_PL\" \/>\n<meta property=\"og:locale:alternate\" content=\"en_US\" \/>\n<meta property=\"og:locale:alternate\" content=\"de_DE\" \/>\n<meta property=\"og:type\" content=\"article\" \/>\n<meta property=\"og:title\" content=\"Produkcja i dystrybucja warzyw - Nowalijka - jako\u015b\u0107 na ka\u017cdym polu\" \/>\n<meta property=\"og:description\" content=\"Nowalijka - od ziarenka do sklepowej p\u00f3\u0142ki - produkcja i dystrybucja warzyw i owoc\u00f3w na najwy\u017cszym poziomie\" \/>\n<meta property=\"og:url\" content=\"https:\/\/nowalijka.pl\/nl\/\" \/>\n<meta property=\"og:site_name\" content=\"Nowalijka\" \/>\n<meta property=\"article:publisher\" content=\"https:\/\/www.facebook.com\/Nowalijkapl\" \/>\n<meta property=\"article:modified_time\" content=\"2024-10-07T11:57:28+00:00\" \/>\n<meta property=\"og:image\" content=\"https:\/\/nowalijka.pl\/wp-content\/uploads\/2022\/10\/header_lp-1.webp\" \/>\n\t<meta property=\"og:image:width\" content=\"1440\" \/>\n\t<meta property=\"og:image:height\" content=\"280\" \/>\n\t<meta property=\"og:image:type\" content=\"image\/webp\" \/>\n<meta name=\"twitter:card\" content=\"summary_large_image\" \/>\n<meta name=\"twitter:label1\" content=\"Geschatte leestijd\" \/>\n\t<meta name=\"twitter:data1\" content=\"1 minuut\" \/>\n<script type=\"application\/ld+json\" class=\"yoast-schema-graph\">{\"@context\":\"https:\/\/schema.org\",\"@graph\":[{\"@type\":\"WebPage\",\"@id\":\"https:\/\/nowalijka.pl\/nl\/\",\"url\":\"https:\/\/nowalijka.pl\/nl\/\",\"name\":\"Produkcja i dystrybucja warzyw - Nowalijka - jako\u015b\u0107 na ka\u017cdym polu\",\"isPartOf\":{\"@id\":\"https:\/\/nowalijka.pl\/#website\"},\"primaryImageOfPage\":{\"@id\":\"https:\/\/nowalijka.pl\/nl\/#primaryimage\"},\"image\":{\"@id\":\"https:\/\/nowalijka.pl\/nl\/#primaryimage\"},\"thumbnailUrl\":\"https:\/\/nowalijka.pl\/wp-content\/uploads\/2022\/10\/header_lp-1.webp\",\"datePublished\":\"2022-09-13T20:04:58+00:00\",\"dateModified\":\"2024-10-07T11:57:28+00:00\",\"description\":\"Nowalijka - od ziarenka do sklepowej p\u00f3\u0142ki - produkcja i dystrybucja warzyw i owoc\u00f3w na najwy\u017cszym poziomie\",\"breadcrumb\":{\"@id\":\"https:\/\/nowalijka.pl\/nl\/#breadcrumb\"},\"inLanguage\":\"nl-NL\",\"potentialAction\":[{\"@type\":\"ReadAction\",\"target\":[\"https:\/\/nowalijka.pl\/nl\/\"]}]},{\"@type\":\"ImageObject\",\"inLanguage\":\"nl-NL\",\"@id\":\"https:\/\/nowalijka.pl\/nl\/#primaryimage\",\"url\":\"https:\/\/nowalijka.pl\/wp-content\/uploads\/2022\/10\/header_lp-1.webp\",\"contentUrl\":\"https:\/\/nowalijka.pl\/wp-content\/uploads\/2022\/10\/header_lp-1.webp\",\"width\":1440,\"height\":280},{\"@type\":\"BreadcrumbList\",\"@id\":\"https:\/\/nowalijka.pl\/nl\/#breadcrumb\",\"itemListElement\":[{\"@type\":\"ListItem\",\"position\":1,\"name\":\"Strona g\u0142\u00f3wna\",\"item\":\"https:\/\/nowalijka.pl\/nl\/\"},{\"@type\":\"ListItem\",\"position\":2,\"name\":\"Nowalijka\"}]},{\"@type\":\"WebSite\",\"@id\":\"https:\/\/nowalijka.pl\/#website\",\"url\":\"https:\/\/nowalijka.pl\/\",\"name\":\"Nowalijka\",\"description\":\"Produkcja i dystrybucja warzyw\",\"publisher\":{\"@id\":\"https:\/\/nowalijka.pl\/#organization\"},\"potentialAction\":[{\"@type\":\"SearchAction\",\"target\":{\"@type\":\"EntryPoint\",\"urlTemplate\":\"https:\/\/nowalijka.pl\/?s={search_term_string}\"},\"query-input\":{\"@type\":\"PropertyValueSpecification\",\"valueRequired\":true,\"valueName\":\"search_term_string\"}}],\"inLanguage\":\"nl-NL\"},{\"@type\":\"Organization\",\"@id\":\"https:\/\/nowalijka.pl\/#organization\",\"name\":\"Nowalijka\",\"url\":\"https:\/\/nowalijka.pl\/\",\"logo\":{\"@type\":\"ImageObject\",\"inLanguage\":\"nl-NL\",\"@id\":\"https:\/\/nowalijka.pl\/#\/schema\/logo\/image\/\",\"url\":\"https:\/\/nowalijka.pl\/wp-content\/uploads\/2022\/09\/nowalijka_logo.svg\",\"contentUrl\":\"https:\/\/nowalijka.pl\/wp-content\/uploads\/2022\/09\/nowalijka_logo.svg\",\"width\":251,\"height\":71,\"caption\":\"Nowalijka\"},\"image\":{\"@id\":\"https:\/\/nowalijka.pl\/#\/schema\/logo\/image\/\"},\"sameAs\":[\"https:\/\/www.facebook.com\/Nowalijkapl\",\"https:\/\/www.instagram.com\/nowalijkapl\/\",\"https:\/\/www.linkedin.com\/\"]}]}<\/script>\n<!-- \/ Yoast SEO plugin. -->","yoast_head_json":{"title":"Produkcja i dystrybucja warzyw - Nowalijka - jako\u015b\u0107 na ka\u017cdym polu[:]","description":"Nowalijka - od ziarenka do sklepowej p\u00f3\u0142ki - produkcja i dystrybucja warzyw i owoc\u00f3w na najwy\u017cszym poziomie","robots":{"index":"index","follow":"follow","max-snippet":"max-snippet:-1","max-image-preview":"max-image-preview:large","max-video-preview":"max-video-preview:-1"},"canonical":"https:\/\/nowalijka.pl\/nl\/","og_locale":"nl_NL","og_type":"article","og_title":"[:pl]Produkcja i dystrybucja warzyw - Nowalijka - jako\u015b\u0107 na ka\u017cdym polu[:]","og_description":"[:pl]Nowalijka - od ziarenka do sklepowej p\u00f3\u0142ki - produkcja i dystrybucja warzyw i owoc\u00f3w na najwy\u017cszym poziomie[:]","og_url":"https:\/\/nowalijka.pl\/nl\/","og_site_name":"Nowalijka","article_publisher":"https:\/\/www.facebook.com\/Nowalijkapl","article_modified_time":"2024-10-07T11:57:28+00:00","og_image":[{"width":1440,"height":280,"url":"https:\/\/nowalijka.pl\/wp-content\/uploads\/2022\/10\/header_lp-1.webp","type":"image\/webp"}],"twitter_card":"summary_large_image","twitter_misc":{"Geschatte leestijd":"1 minuut"},"schema":{"@context":"https:\/\/schema.org","@graph":[{"@type":"WebPage","@id":"https:\/\/nowalijka.pl\/nl\/","url":"https:\/\/nowalijka.pl\/nl\/","name":"Produkcja i dystrybucja warzyw - Nowalijka - jako\u015b\u0107 na ka\u017cdym polu","isPartOf":{"@id":"https:\/\/nowalijka.pl\/#website"},"primaryImageOfPage":{"@id":"https:\/\/nowalijka.pl\/nl\/#primaryimage"},"image":{"@id":"https:\/\/nowalijka.pl\/nl\/#primaryimage"},"thumbnailUrl":"https:\/\/nowalijka.pl\/wp-content\/uploads\/2022\/10\/header_lp-1.webp","datePublished":"2022-09-13T20:04:58+00:00","dateModified":"2024-10-07T11:57:28+00:00","description":"Nowalijka - od ziarenka do sklepowej p\u00f3\u0142ki - produkcja i dystrybucja warzyw i owoc\u00f3w na najwy\u017cszym poziomie","breadcrumb":{"@id":"https:\/\/nowalijka.pl\/nl\/#breadcrumb"},"inLanguage":"nl-NL","potentialAction":[{"@type":"ReadAction","target":["https:\/\/nowalijka.pl\/nl\/"]}]},{"@type":"ImageObject","inLanguage":"nl-NL","@id":"https:\/\/nowalijka.pl\/nl\/#primaryimage","url":"https:\/\/nowalijka.pl\/wp-content\/uploads\/2022\/10\/header_lp-1.webp","contentUrl":"https:\/\/nowalijka.pl\/wp-content\/uploads\/2022\/10\/header_lp-1.webp","width":1440,"height":280},{"@type":"BreadcrumbList","@id":"https:\/\/nowalijka.pl\/nl\/#breadcrumb","itemListElement":[{"@type":"ListItem","position":1,"name":"Strona g\u0142\u00f3wna","item":"https:\/\/nowalijka.pl\/nl\/"},{"@type":"ListItem","position":2,"name":"Nowalijka"}]},{"@type":"WebSite","@id":"https:\/\/nowalijka.pl\/#website","url":"https:\/\/nowalijka.pl\/","name":"Nowalijka","description":"Produkcja i dystrybucja warzyw","publisher":{"@id":"https:\/\/nowalijka.pl\/#organization"},"potentialAction":[{"@type":"SearchAction","target":{"@type":"EntryPoint","urlTemplate":"https:\/\/nowalijka.pl\/?s={search_term_string}"},"query-input":{"@type":"PropertyValueSpecification","valueRequired":true,"valueName":"search_term_string"}}],"inLanguage":"nl-NL"},{"@type":"Organization","@id":"https:\/\/nowalijka.pl\/#organization","name":"Nowalijka","url":"https:\/\/nowalijka.pl\/","logo":{"@type":"ImageObject","inLanguage":"nl-NL","@id":"https:\/\/nowalijka.pl\/#\/schema\/logo\/image\/","url":"https:\/\/nowalijka.pl\/wp-content\/uploads\/2022\/09\/nowalijka_logo.svg","contentUrl":"https:\/\/nowalijka.pl\/wp-content\/uploads\/2022\/09\/nowalijka_logo.svg","width":251,"height":71,"caption":"Nowalijka"},"image":{"@id":"https:\/\/nowalijka.pl\/#\/schema\/logo\/image\/"},"sameAs":["https:\/\/www.facebook.com\/Nowalijkapl","https:\/\/www.instagram.com\/nowalijkapl\/","https:\/\/www.linkedin.com\/"]}]}},"_links":{"self":[{"href":"https:\/\/nowalijka.pl\/nl\/wp-json\/wp\/v2\/pages\/45"}],"collection":[{"href":"https:\/\/nowalijka.pl\/nl\/wp-json\/wp\/v2\/pages"}],"about":[{"href":"https:\/\/nowalijka.pl\/nl\/wp-json\/wp\/v2\/types\/page"}],"author":[{"embeddable":true,"href":"https:\/\/nowalijka.pl\/nl\/wp-json\/wp\/v2\/users\/7"}],"replies":[{"embeddable":true,"href":"https:\/\/nowalijka.pl\/nl\/wp-json\/wp\/v2\/comments?post=45"}],"version-history":[{"count":138,"href":"https:\/\/nowalijka.pl\/nl\/wp-json\/wp\/v2\/pages\/45\/revisions"}],"predecessor-version":[{"id":5478,"href":"https:\/\/nowalijka.pl\/nl\/wp-json\/wp\/v2\/pages\/45\/revisions\/5478"}],"wp:featuredmedia":[{"embeddable":true,"href":"https:\/\/nowalijka.pl\/nl\/wp-json\/wp\/v2\/media\/2103"}],"wp:attachment":[{"href":"https:\/\/nowalijka.pl\/nl\/wp-json\/wp\/v2\/media?parent=45"}],"curies":[{"name":"wp","href":"https:\/\/api.w.org\/{rel}","templated":true}]}}