{"id":51,"date":"2022-09-13T20:37:31","date_gmt":"2022-09-13T20:37:31","guid":{"rendered":"https:\/\/nowalijka.pl\/?page_id=51"},"modified":"2023-05-23T07:26:29","modified_gmt":"2023-05-23T07:26:29","slug":"firma-nowalijka","status":"publish","type":"page","link":"https:\/\/nowalijka.pl\/nl\/firma-nowalijka\/","title":{"rendered":"Firma"},"content":{"rendered":"<p><iframe title=\"Tomasz Karolak i Nowalijka w akcji dla gdy\u0144skiego hospicjum\" width=\"500\" height=\"281\" data-src=\"https:\/\/www.youtube.com\/embed\/rWvJnVYfqu4?feature=oembed\" frameborder=\"0\" allow=\"accelerometer; autoplay; clipboard-write; encrypted-media; gyroscope; picture-in-picture; web-share\" referrerpolicy=\"strict-origin-when-cross-origin\" allowfullscreen src=\"data:image\/gif;base64,R0lGODlhAQABAAAAACH5BAEKAAEALAAAAAABAAEAAAICTAEAOw==\" class=\"lazyload\" data-load-mode=\"1\"><\/iframe><\/p>\n<p><iframe title=\"Producent sa\u0142at, zi\u00f3\u0142 oraz da\u0144 gotowych | Nowalijka\" width=\"500\" height=\"281\" data-src=\"https:\/\/www.youtube.com\/embed\/5veSqeAUuy4?feature=oembed\" frameborder=\"0\" allow=\"accelerometer; autoplay; clipboard-write; encrypted-media; gyroscope; picture-in-picture; web-share\" referrerpolicy=\"strict-origin-when-cross-origin\" allowfullscreen src=\"data:image\/gif;base64,R0lGODlhAQABAAAAACH5BAEKAAEALAAAAAABAAEAAAICTAEAOw==\" class=\"lazyload\" data-load-mode=\"1\"><\/iframe><\/p>\n<p><iframe title=\"F.H NOWALIJKA\" width=\"500\" height=\"281\" data-src=\"https:\/\/www.youtube.com\/embed\/aekslH6gMdY?feature=oembed\" frameborder=\"0\" allow=\"accelerometer; autoplay; clipboard-write; encrypted-media; gyroscope; picture-in-picture; web-share\" referrerpolicy=\"strict-origin-when-cross-origin\" allowfullscreen src=\"data:image\/gif;base64,R0lGODlhAQABAAAAACH5BAEKAAEALAAAAAABAAEAAAICTAEAOw==\" class=\"lazyload\" data-load-mode=\"1\"><\/iframe><\/p>\n","protected":false},"excerpt":{"rendered":"","protected":false},"author":7,"featured_media":356,"parent":0,"menu_order":0,"comment_status":"closed","ping_status":"closed","template":"page-firm.php","meta":{"_acf_changed":false,"om_disable_all_campaigns":false,"inline_featured_image":false,"_monsterinsights_skip_tracking":false,"_monsterinsights_sitenote_active":false,"_monsterinsights_sitenote_note":"","_monsterinsights_sitenote_category":0,"footnotes":""},"acf":[],"yoast_head":"<!-- This site is optimized with the Yoast SEO plugin v23.5 - https:\/\/yoast.com\/wordpress\/plugins\/seo\/ -->\n<title>Firma - Nowalijka<\/title>\n<meta name=\"description\" content=\"Firma Nowalijka - polska, rodzinna firma, specjalizujemy si\u0119 w uprawie, produckji i dystrybucji warzyw w kraju i za granic\u0105.\" \/>\n<meta name=\"robots\" content=\"index, follow, max-snippet:-1, max-image-preview:large, max-video-preview:-1\" \/>\n<link rel=\"canonical\" href=\"https:\/\/nowalijka.pl\/nl\/firma-nowalijka\/\" \/>\n<meta property=\"og:locale\" content=\"nl_NL\" \/>\n<meta property=\"og:locale:alternate\" content=\"pl_PL\" \/>\n<meta property=\"og:locale:alternate\" content=\"en_US\" \/>\n<meta property=\"og:locale:alternate\" content=\"de_DE\" \/>\n<meta property=\"og:type\" content=\"article\" \/>\n<meta property=\"og:title\" content=\"Firma - Nowalijka\" \/>\n<meta property=\"og:description\" content=\"Firma Nowalijka - polska, rodzinna firma, specjalizujemy si\u0119 w uprawie, produckji i dystrybucji warzyw w kraju i za granic\u0105.\" \/>\n<meta property=\"og:url\" content=\"https:\/\/nowalijka.pl\/nl\/firma-nowalijka\/\" \/>\n<meta property=\"og:site_name\" content=\"Nowalijka\" \/>\n<meta property=\"article:publisher\" content=\"https:\/\/www.facebook.com\/Nowalijkapl\" \/>\n<meta property=\"article:modified_time\" content=\"2023-05-23T07:26:29+00:00\" \/>\n<meta property=\"og:image\" content=\"https:\/\/nowalijka.pl\/wp-content\/uploads\/2022\/09\/img-footer-plants.jpg\" \/>\n\t<meta property=\"og:image:width\" content=\"1947\" \/>\n\t<meta property=\"og:image:height\" content=\"523\" \/>\n\t<meta property=\"og:image:type\" content=\"image\/jpeg\" \/>\n<meta name=\"twitter:card\" content=\"summary_large_image\" \/>\n<meta name=\"twitter:label1\" content=\"Geschatte leestijd\" \/>\n\t<meta name=\"twitter:data1\" content=\"1 minuut\" \/>\n<script type=\"application\/ld+json\" class=\"yoast-schema-graph\">{\"@context\":\"https:\/\/schema.org\",\"@graph\":[{\"@type\":\"WebPage\",\"@id\":\"https:\/\/nowalijka.pl\/firma-nowalijka\/\",\"url\":\"https:\/\/nowalijka.pl\/firma-nowalijka\/\",\"name\":\"Firma - Nowalijka\",\"isPartOf\":{\"@id\":\"https:\/\/nowalijka.pl\/#website\"},\"primaryImageOfPage\":{\"@id\":\"https:\/\/nowalijka.pl\/firma-nowalijka\/#primaryimage\"},\"image\":{\"@id\":\"https:\/\/nowalijka.pl\/firma-nowalijka\/#primaryimage\"},\"thumbnailUrl\":\"https:\/\/nowalijka.pl\/wp-content\/uploads\/2022\/09\/img-footer-plants.jpg\",\"datePublished\":\"2022-09-13T20:37:31+00:00\",\"dateModified\":\"2023-05-23T07:26:29+00:00\",\"description\":\"Firma Nowalijka - polska, rodzinna firma, specjalizujemy si\u0119 w uprawie, produckji i dystrybucji warzyw w kraju i za granic\u0105.\",\"breadcrumb\":{\"@id\":\"https:\/\/nowalijka.pl\/firma-nowalijka\/#breadcrumb\"},\"inLanguage\":\"nl-NL\",\"potentialAction\":[{\"@type\":\"ReadAction\",\"target\":[\"https:\/\/nowalijka.pl\/firma-nowalijka\/\"]}]},{\"@type\":\"ImageObject\",\"inLanguage\":\"nl-NL\",\"@id\":\"https:\/\/nowalijka.pl\/firma-nowalijka\/#primaryimage\",\"url\":\"https:\/\/nowalijka.pl\/wp-content\/uploads\/2022\/09\/img-footer-plants.jpg\",\"contentUrl\":\"https:\/\/nowalijka.pl\/wp-content\/uploads\/2022\/09\/img-footer-plants.jpg\",\"width\":1947,\"height\":523},{\"@type\":\"BreadcrumbList\",\"@id\":\"https:\/\/nowalijka.pl\/firma-nowalijka\/#breadcrumb\",\"itemListElement\":[{\"@type\":\"ListItem\",\"position\":1,\"name\":\"Strona g\u0142\u00f3wna\",\"item\":\"https:\/\/nowalijka.pl\/nl\/\"},{\"@type\":\"ListItem\",\"position\":2,\"name\":\"Firma\"}]},{\"@type\":\"WebSite\",\"@id\":\"https:\/\/nowalijka.pl\/#website\",\"url\":\"https:\/\/nowalijka.pl\/\",\"name\":\"Nowalijka\",\"description\":\"Produkcja i dystrybucja warzyw\",\"publisher\":{\"@id\":\"https:\/\/nowalijka.pl\/#organization\"},\"potentialAction\":[{\"@type\":\"SearchAction\",\"target\":{\"@type\":\"EntryPoint\",\"urlTemplate\":\"https:\/\/nowalijka.pl\/?s={search_term_string}\"},\"query-input\":{\"@type\":\"PropertyValueSpecification\",\"valueRequired\":true,\"valueName\":\"search_term_string\"}}],\"inLanguage\":\"nl-NL\"},{\"@type\":\"Organization\",\"@id\":\"https:\/\/nowalijka.pl\/#organization\",\"name\":\"Nowalijka\",\"url\":\"https:\/\/nowalijka.pl\/\",\"logo\":{\"@type\":\"ImageObject\",\"inLanguage\":\"nl-NL\",\"@id\":\"https:\/\/nowalijka.pl\/#\/schema\/logo\/image\/\",\"url\":\"https:\/\/nowalijka.pl\/wp-content\/uploads\/2022\/09\/nowalijka_logo.svg\",\"contentUrl\":\"https:\/\/nowalijka.pl\/wp-content\/uploads\/2022\/09\/nowalijka_logo.svg\",\"width\":251,\"height\":71,\"caption\":\"Nowalijka\"},\"image\":{\"@id\":\"https:\/\/nowalijka.pl\/#\/schema\/logo\/image\/\"},\"sameAs\":[\"https:\/\/www.facebook.com\/Nowalijkapl\",\"https:\/\/www.instagram.com\/nowalijkapl\/\",\"https:\/\/www.linkedin.com\/\"]}]}<\/script>\n<!-- \/ Yoast SEO plugin. -->","yoast_head_json":{"title":"Firma - Nowalijka","description":"Firma Nowalijka - polska, rodzinna firma, specjalizujemy si\u0119 w uprawie, produckji i dystrybucji warzyw w kraju i za granic\u0105.","robots":{"index":"index","follow":"follow","max-snippet":"max-snippet:-1","max-image-preview":"max-image-preview:large","max-video-preview":"max-video-preview:-1"},"canonical":"https:\/\/nowalijka.pl\/nl\/firma-nowalijka\/","og_locale":"nl_NL","og_type":"article","og_title":"Firma - Nowalijka","og_description":"Firma Nowalijka - polska, rodzinna firma, specjalizujemy si\u0119 w uprawie, produckji i dystrybucji warzyw w kraju i za granic\u0105.","og_url":"https:\/\/nowalijka.pl\/nl\/firma-nowalijka\/","og_site_name":"Nowalijka","article_publisher":"https:\/\/www.facebook.com\/Nowalijkapl","article_modified_time":"2023-05-23T07:26:29+00:00","og_image":[{"width":1947,"height":523,"url":"https:\/\/nowalijka.pl\/wp-content\/uploads\/2022\/09\/img-footer-plants.jpg","type":"image\/jpeg"}],"twitter_card":"summary_large_image","twitter_misc":{"Geschatte leestijd":"1 minuut"},"schema":{"@context":"https:\/\/schema.org","@graph":[{"@type":"WebPage","@id":"https:\/\/nowalijka.pl\/firma-nowalijka\/","url":"https:\/\/nowalijka.pl\/firma-nowalijka\/","name":"Firma - Nowalijka","isPartOf":{"@id":"https:\/\/nowalijka.pl\/#website"},"primaryImageOfPage":{"@id":"https:\/\/nowalijka.pl\/firma-nowalijka\/#primaryimage"},"image":{"@id":"https:\/\/nowalijka.pl\/firma-nowalijka\/#primaryimage"},"thumbnailUrl":"https:\/\/nowalijka.pl\/wp-content\/uploads\/2022\/09\/img-footer-plants.jpg","datePublished":"2022-09-13T20:37:31+00:00","dateModified":"2023-05-23T07:26:29+00:00","description":"Firma Nowalijka - polska, rodzinna firma, specjalizujemy si\u0119 w uprawie, produckji i dystrybucji warzyw w kraju i za granic\u0105.","breadcrumb":{"@id":"https:\/\/nowalijka.pl\/firma-nowalijka\/#breadcrumb"},"inLanguage":"nl-NL","potentialAction":[{"@type":"ReadAction","target":["https:\/\/nowalijka.pl\/firma-nowalijka\/"]}]},{"@type":"ImageObject","inLanguage":"nl-NL","@id":"https:\/\/nowalijka.pl\/firma-nowalijka\/#primaryimage","url":"https:\/\/nowalijka.pl\/wp-content\/uploads\/2022\/09\/img-footer-plants.jpg","contentUrl":"https:\/\/nowalijka.pl\/wp-content\/uploads\/2022\/09\/img-footer-plants.jpg","width":1947,"height":523},{"@type":"BreadcrumbList","@id":"https:\/\/nowalijka.pl\/firma-nowalijka\/#breadcrumb","itemListElement":[{"@type":"ListItem","position":1,"name":"Strona g\u0142\u00f3wna","item":"https:\/\/nowalijka.pl\/nl\/"},{"@type":"ListItem","position":2,"name":"Firma"}]},{"@type":"WebSite","@id":"https:\/\/nowalijka.pl\/#website","url":"https:\/\/nowalijka.pl\/","name":"Nowalijka","description":"Produkcja i dystrybucja warzyw","publisher":{"@id":"https:\/\/nowalijka.pl\/#organization"},"potentialAction":[{"@type":"SearchAction","target":{"@type":"EntryPoint","urlTemplate":"https:\/\/nowalijka.pl\/?s={search_term_string}"},"query-input":{"@type":"PropertyValueSpecification","valueRequired":true,"valueName":"search_term_string"}}],"inLanguage":"nl-NL"},{"@type":"Organization","@id":"https:\/\/nowalijka.pl\/#organization","name":"Nowalijka","url":"https:\/\/nowalijka.pl\/","logo":{"@type":"ImageObject","inLanguage":"nl-NL","@id":"https:\/\/nowalijka.pl\/#\/schema\/logo\/image\/","url":"https:\/\/nowalijka.pl\/wp-content\/uploads\/2022\/09\/nowalijka_logo.svg","contentUrl":"https:\/\/nowalijka.pl\/wp-content\/uploads\/2022\/09\/nowalijka_logo.svg","width":251,"height":71,"caption":"Nowalijka"},"image":{"@id":"https:\/\/nowalijka.pl\/#\/schema\/logo\/image\/"},"sameAs":["https:\/\/www.facebook.com\/Nowalijkapl","https:\/\/www.instagram.com\/nowalijkapl\/","https:\/\/www.linkedin.com\/"]}]}},"_links":{"self":[{"href":"https:\/\/nowalijka.pl\/nl\/wp-json\/wp\/v2\/pages\/51"}],"collection":[{"href":"https:\/\/nowalijka.pl\/nl\/wp-json\/wp\/v2\/pages"}],"about":[{"href":"https:\/\/nowalijka.pl\/nl\/wp-json\/wp\/v2\/types\/page"}],"author":[{"embeddable":true,"href":"https:\/\/nowalijka.pl\/nl\/wp-json\/wp\/v2\/users\/7"}],"replies":[{"embeddable":true,"href":"https:\/\/nowalijka.pl\/nl\/wp-json\/wp\/v2\/comments?post=51"}],"version-history":[{"count":36,"href":"https:\/\/nowalijka.pl\/nl\/wp-json\/wp\/v2\/pages\/51\/revisions"}],"predecessor-version":[{"id":5146,"href":"https:\/\/nowalijka.pl\/nl\/wp-json\/wp\/v2\/pages\/51\/revisions\/5146"}],"wp:featuredmedia":[{"embeddable":true,"href":"https:\/\/nowalijka.pl\/nl\/wp-json\/wp\/v2\/media\/356"}],"wp:attachment":[{"href":"https:\/\/nowalijka.pl\/nl\/wp-json\/wp\/v2\/media?parent=51"}],"curies":[{"name":"wp","href":"https:\/\/api.w.org\/{rel}","templated":true}]}}