{"id":897,"date":"2022-10-05T16:56:27","date_gmt":"2022-10-05T16:56:27","guid":{"rendered":"https:\/\/nowalijka.pl\/?page_id=897"},"modified":"2023-05-23T08:30:37","modified_gmt":"2023-05-23T08:30:37","slug":"produkcja-warzyw","status":"publish","type":"page","link":"https:\/\/nowalijka.pl\/nl\/produkcja-warzyw\/","title":{"rendered":"Cykl Produkcyjny"},"content":{"rendered":"<p><iframe title=\"NOWALIJKA - JAKO\u015a\u0106 NA KA\u017bDYM POLU\" width=\"500\" height=\"281\" data-src=\"https:\/\/www.youtube.com\/embed\/DqvcL1eKYd8?list=PLjWi-cugRqIuJuOjXbPejCwYtO5p0lr10\" frameborder=\"0\" allow=\"accelerometer; autoplay; clipboard-write; encrypted-media; gyroscope; picture-in-picture; web-share\" referrerpolicy=\"strict-origin-when-cross-origin\" allowfullscreen src=\"data:image\/gif;base64,R0lGODlhAQABAAAAACH5BAEKAAEALAAAAAABAAEAAAICTAEAOw==\" class=\"lazyload\" data-load-mode=\"1\"><\/iframe><\/p>\n","protected":false},"excerpt":{"rendered":"","protected":false},"author":7,"featured_media":0,"parent":0,"menu_order":0,"comment_status":"closed","ping_status":"closed","template":"page-production-cycle.php","meta":{"_acf_changed":false,"om_disable_all_campaigns":false,"inline_featured_image":false,"_monsterinsights_skip_tracking":false,"_monsterinsights_sitenote_active":false,"_monsterinsights_sitenote_note":"","_monsterinsights_sitenote_category":0,"footnotes":""},"acf":[],"yoast_head":"<!-- This site is optimized with the Yoast SEO plugin v23.5 - https:\/\/yoast.com\/wordpress\/plugins\/seo\/ -->\n<title>Cykl Produkcyjny - Nowalijka<\/title>\n<meta name=\"description\" content=\"Produkcja warzyw to proces, w kt\u00f3rym dba\u0142o\u015b\u0107 o produkt i nawodnienie od ziarenka procentuje jako\u015bci\u0105 na sklepowej p\u00f3\u0142ce\" \/>\n<meta name=\"robots\" content=\"index, follow, max-snippet:-1, max-image-preview:large, max-video-preview:-1\" \/>\n<link rel=\"canonical\" href=\"https:\/\/nowalijka.pl\/nl\/produkcja-warzyw\/\" \/>\n<meta property=\"og:locale\" content=\"nl_NL\" \/>\n<meta property=\"og:locale:alternate\" content=\"pl_PL\" \/>\n<meta property=\"og:locale:alternate\" content=\"en_US\" \/>\n<meta property=\"og:locale:alternate\" content=\"de_DE\" \/>\n<meta property=\"og:type\" content=\"article\" \/>\n<meta property=\"og:title\" content=\"Cykl Produkcyjny - Nowalijka\" \/>\n<meta property=\"og:description\" content=\"Produkcja warzyw to proces, w kt\u00f3rym dba\u0142o\u015b\u0107 o produkt i nawodnienie od ziarenka procentuje jako\u015bci\u0105 na sklepowej p\u00f3\u0142ce\" \/>\n<meta property=\"og:url\" content=\"https:\/\/nowalijka.pl\/nl\/produkcja-warzyw\/\" \/>\n<meta property=\"og:site_name\" content=\"Nowalijka\" \/>\n<meta property=\"article:publisher\" content=\"https:\/\/www.facebook.com\/Nowalijkapl\" \/>\n<meta property=\"article:modified_time\" content=\"2023-05-23T08:30:37+00:00\" \/>\n<meta name=\"twitter:card\" content=\"summary_large_image\" \/>\n<meta name=\"twitter:label1\" content=\"Geschatte leestijd\" \/>\n\t<meta name=\"twitter:data1\" content=\"1 minuut\" \/>\n<script type=\"application\/ld+json\" class=\"yoast-schema-graph\">{\"@context\":\"https:\/\/schema.org\",\"@graph\":[{\"@type\":\"WebPage\",\"@id\":\"https:\/\/nowalijka.pl\/produkcja-warzyw\/\",\"url\":\"https:\/\/nowalijka.pl\/produkcja-warzyw\/\",\"name\":\"Cykl Produkcyjny - Nowalijka\",\"isPartOf\":{\"@id\":\"https:\/\/nowalijka.pl\/#website\"},\"datePublished\":\"2022-10-05T16:56:27+00:00\",\"dateModified\":\"2023-05-23T08:30:37+00:00\",\"description\":\"Produkcja warzyw to proces, w kt\u00f3rym dba\u0142o\u015b\u0107 o produkt i nawodnienie od ziarenka procentuje jako\u015bci\u0105 na sklepowej p\u00f3\u0142ce\",\"breadcrumb\":{\"@id\":\"https:\/\/nowalijka.pl\/produkcja-warzyw\/#breadcrumb\"},\"inLanguage\":\"nl-NL\",\"potentialAction\":[{\"@type\":\"ReadAction\",\"target\":[\"https:\/\/nowalijka.pl\/produkcja-warzyw\/\"]}]},{\"@type\":\"BreadcrumbList\",\"@id\":\"https:\/\/nowalijka.pl\/produkcja-warzyw\/#breadcrumb\",\"itemListElement\":[{\"@type\":\"ListItem\",\"position\":1,\"name\":\"Strona g\u0142\u00f3wna\",\"item\":\"https:\/\/nowalijka.pl\/nl\/\"},{\"@type\":\"ListItem\",\"position\":2,\"name\":\"Cykl Produkcyjny\"}]},{\"@type\":\"WebSite\",\"@id\":\"https:\/\/nowalijka.pl\/#website\",\"url\":\"https:\/\/nowalijka.pl\/\",\"name\":\"Nowalijka\",\"description\":\"Produkcja i dystrybucja warzyw\",\"publisher\":{\"@id\":\"https:\/\/nowalijka.pl\/#organization\"},\"potentialAction\":[{\"@type\":\"SearchAction\",\"target\":{\"@type\":\"EntryPoint\",\"urlTemplate\":\"https:\/\/nowalijka.pl\/?s={search_term_string}\"},\"query-input\":{\"@type\":\"PropertyValueSpecification\",\"valueRequired\":true,\"valueName\":\"search_term_string\"}}],\"inLanguage\":\"nl-NL\"},{\"@type\":\"Organization\",\"@id\":\"https:\/\/nowalijka.pl\/#organization\",\"name\":\"Nowalijka\",\"url\":\"https:\/\/nowalijka.pl\/\",\"logo\":{\"@type\":\"ImageObject\",\"inLanguage\":\"nl-NL\",\"@id\":\"https:\/\/nowalijka.pl\/#\/schema\/logo\/image\/\",\"url\":\"https:\/\/nowalijka.pl\/wp-content\/uploads\/2022\/09\/nowalijka_logo.svg\",\"contentUrl\":\"https:\/\/nowalijka.pl\/wp-content\/uploads\/2022\/09\/nowalijka_logo.svg\",\"width\":251,\"height\":71,\"caption\":\"Nowalijka\"},\"image\":{\"@id\":\"https:\/\/nowalijka.pl\/#\/schema\/logo\/image\/\"},\"sameAs\":[\"https:\/\/www.facebook.com\/Nowalijkapl\",\"https:\/\/www.instagram.com\/nowalijkapl\/\",\"https:\/\/www.linkedin.com\/\"]}]}<\/script>\n<!-- \/ Yoast SEO plugin. -->","yoast_head_json":{"title":"Cykl Produkcyjny - Nowalijka","description":"Produkcja warzyw to proces, w kt\u00f3rym dba\u0142o\u015b\u0107 o produkt i nawodnienie od ziarenka procentuje jako\u015bci\u0105 na sklepowej p\u00f3\u0142ce","robots":{"index":"index","follow":"follow","max-snippet":"max-snippet:-1","max-image-preview":"max-image-preview:large","max-video-preview":"max-video-preview:-1"},"canonical":"https:\/\/nowalijka.pl\/nl\/produkcja-warzyw\/","og_locale":"nl_NL","og_type":"article","og_title":"Cykl Produkcyjny - Nowalijka","og_description":"Produkcja warzyw to proces, w kt\u00f3rym dba\u0142o\u015b\u0107 o produkt i nawodnienie od ziarenka procentuje jako\u015bci\u0105 na sklepowej p\u00f3\u0142ce","og_url":"https:\/\/nowalijka.pl\/nl\/produkcja-warzyw\/","og_site_name":"Nowalijka","article_publisher":"https:\/\/www.facebook.com\/Nowalijkapl","article_modified_time":"2023-05-23T08:30:37+00:00","twitter_card":"summary_large_image","twitter_misc":{"Geschatte leestijd":"1 minuut"},"schema":{"@context":"https:\/\/schema.org","@graph":[{"@type":"WebPage","@id":"https:\/\/nowalijka.pl\/produkcja-warzyw\/","url":"https:\/\/nowalijka.pl\/produkcja-warzyw\/","name":"Cykl Produkcyjny - Nowalijka","isPartOf":{"@id":"https:\/\/nowalijka.pl\/#website"},"datePublished":"2022-10-05T16:56:27+00:00","dateModified":"2023-05-23T08:30:37+00:00","description":"Produkcja warzyw to proces, w kt\u00f3rym dba\u0142o\u015b\u0107 o produkt i nawodnienie od ziarenka procentuje jako\u015bci\u0105 na sklepowej p\u00f3\u0142ce","breadcrumb":{"@id":"https:\/\/nowalijka.pl\/produkcja-warzyw\/#breadcrumb"},"inLanguage":"nl-NL","potentialAction":[{"@type":"ReadAction","target":["https:\/\/nowalijka.pl\/produkcja-warzyw\/"]}]},{"@type":"BreadcrumbList","@id":"https:\/\/nowalijka.pl\/produkcja-warzyw\/#breadcrumb","itemListElement":[{"@type":"ListItem","position":1,"name":"Strona g\u0142\u00f3wna","item":"https:\/\/nowalijka.pl\/nl\/"},{"@type":"ListItem","position":2,"name":"Cykl Produkcyjny"}]},{"@type":"WebSite","@id":"https:\/\/nowalijka.pl\/#website","url":"https:\/\/nowalijka.pl\/","name":"Nowalijka","description":"Produkcja i dystrybucja warzyw","publisher":{"@id":"https:\/\/nowalijka.pl\/#organization"},"potentialAction":[{"@type":"SearchAction","target":{"@type":"EntryPoint","urlTemplate":"https:\/\/nowalijka.pl\/?s={search_term_string}"},"query-input":{"@type":"PropertyValueSpecification","valueRequired":true,"valueName":"search_term_string"}}],"inLanguage":"nl-NL"},{"@type":"Organization","@id":"https:\/\/nowalijka.pl\/#organization","name":"Nowalijka","url":"https:\/\/nowalijka.pl\/","logo":{"@type":"ImageObject","inLanguage":"nl-NL","@id":"https:\/\/nowalijka.pl\/#\/schema\/logo\/image\/","url":"https:\/\/nowalijka.pl\/wp-content\/uploads\/2022\/09\/nowalijka_logo.svg","contentUrl":"https:\/\/nowalijka.pl\/wp-content\/uploads\/2022\/09\/nowalijka_logo.svg","width":251,"height":71,"caption":"Nowalijka"},"image":{"@id":"https:\/\/nowalijka.pl\/#\/schema\/logo\/image\/"},"sameAs":["https:\/\/www.facebook.com\/Nowalijkapl","https:\/\/www.instagram.com\/nowalijkapl\/","https:\/\/www.linkedin.com\/"]}]}},"_links":{"self":[{"href":"https:\/\/nowalijka.pl\/nl\/wp-json\/wp\/v2\/pages\/897"}],"collection":[{"href":"https:\/\/nowalijka.pl\/nl\/wp-json\/wp\/v2\/pages"}],"about":[{"href":"https:\/\/nowalijka.pl\/nl\/wp-json\/wp\/v2\/types\/page"}],"author":[{"embeddable":true,"href":"https:\/\/nowalijka.pl\/nl\/wp-json\/wp\/v2\/users\/7"}],"replies":[{"embeddable":true,"href":"https:\/\/nowalijka.pl\/nl\/wp-json\/wp\/v2\/comments?post=897"}],"version-history":[{"count":15,"href":"https:\/\/nowalijka.pl\/nl\/wp-json\/wp\/v2\/pages\/897\/revisions"}],"predecessor-version":[{"id":5156,"href":"https:\/\/nowalijka.pl\/nl\/wp-json\/wp\/v2\/pages\/897\/revisions\/5156"}],"wp:attachment":[{"href":"https:\/\/nowalijka.pl\/nl\/wp-json\/wp\/v2\/media?parent=897"}],"curies":[{"name":"wp","href":"https:\/\/api.w.org\/{rel}","templated":true}]}}